{"id":40,"date":"2024-07-24T15:23:31","date_gmt":"2024-07-24T20:23:31","guid":{"rendered":"https:\/\/oralaser.com.co\/?page_id=40"},"modified":"2025-05-06T16:21:09","modified_gmt":"2025-05-06T21:21:09","slug":"estados-financieros","status":"publish","type":"page","link":"https:\/\/oralaser.com.co\/en\/estados-financieros\/","title":{"rendered":"Financial Statements"},"content":{"rendered":"<div data-elementor-type=\"wp-page\" data-elementor-id=\"40\" class=\"elementor elementor-40\" data-elementor-settings=\"{&quot;ha_cmc_init_switcher&quot;:&quot;no&quot;}\" data-elementor-post-type=\"page\">\n\t\t\t\t\t\t<section class=\"elementor-section elementor-top-section elementor-element elementor-element-75ffc76 elementor-section-full_width elementor-section-height-default elementor-section-height-default\" data-id=\"75ffc76\" data-element_type=\"section\" data-e-type=\"section\" data-settings=\"{&quot;jet_parallax_layout_list&quot;:[],&quot;background_background&quot;:&quot;classic&quot;,&quot;_ha_eqh_enable&quot;:false}\">\n\t\t\t\t\t\t<div class=\"elementor-container elementor-column-gap-default\">\n\t\t\t\t\t<div class=\"elementor-column elementor-col-100 elementor-top-column elementor-element elementor-element-da4afa3\" data-id=\"da4afa3\" data-element_type=\"column\" data-e-type=\"column\">\n\t\t\t<div class=\"elementor-widget-wrap elementor-element-populated\">\n\t\t\t\t\t\t<div class=\"elementor-element elementor-element-2d3d450 elementor-widget elementor-widget-heading\" data-id=\"2d3d450\" data-element_type=\"widget\" data-e-type=\"widget\" data-widget_type=\"heading.default\">\n\t\t\t\t<div class=\"elementor-widget-container\">\n\t\t\t\t\t<h2 class=\"elementor-heading-title elementor-size-default\">FINANCIAL STATEMENTS<\/h2>\t\t\t\t<\/div>\n\t\t\t\t<\/div>\n\t\t\t\t\t<\/div>\n\t\t<\/div>\n\t\t\t\t\t<\/div>\n\t\t<\/section>\n\t\t\t\t<section class=\"elementor-section elementor-top-section elementor-element elementor-element-b86a649 elementor-section-boxed elementor-section-height-default elementor-section-height-default\" data-id=\"b86a649\" data-element_type=\"section\" data-e-type=\"section\" data-settings=\"{&quot;jet_parallax_layout_list&quot;:[],&quot;_ha_eqh_enable&quot;:false}\">\n\t\t\t\t\t\t<div class=\"elementor-container elementor-column-gap-default\">\n\t\t\t\t\t<div class=\"elementor-column elementor-col-100 elementor-top-column elementor-element elementor-element-54a62f8\" data-id=\"54a62f8\" data-element_type=\"column\" data-e-type=\"column\">\n\t\t\t<div class=\"elementor-widget-wrap elementor-element-populated\">\n\t\t\t\t\t\t<section class=\"elementor-section elementor-inner-section elementor-element elementor-element-d7728f5 elementor-section-boxed elementor-section-height-default elementor-section-height-default\" data-id=\"d7728f5\" data-element_type=\"section\" data-e-type=\"section\" data-settings=\"{&quot;jet_parallax_layout_list&quot;:[],&quot;_ha_eqh_enable&quot;:false}\">\n\t\t\t\t\t\t<div class=\"elementor-container elementor-column-gap-default\">\n\t\t\t\t\t<div class=\"elementor-column elementor-col-33 elementor-inner-column elementor-element elementor-element-8fdb543\" data-id=\"8fdb543\" data-element_type=\"column\" data-e-type=\"column\">\n\t\t\t<div class=\"elementor-widget-wrap elementor-element-populated\">\n\t\t\t\t\t\t<div class=\"elementor-element elementor-element-cdc8ab0 elementor-position-top elementor-widget elementor-widget-image-box\" data-id=\"cdc8ab0\" data-element_type=\"widget\" data-e-type=\"widget\" data-widget_type=\"image-box.default\">\n\t\t\t\t<div class=\"elementor-widget-container\">\n\t\t\t\t\t<div class=\"elementor-image-box-wrapper\"><figure class=\"elementor-image-box-img\"><a href=\"https:\/\/oralaser.com.co\/en\/estados-financieros-ano-2023-inversionistas-en-salud-oral-sas\/\" target=\"_blank\" rel=\"nofollow\" tabindex=\"-1\"><img decoding=\"async\" width=\"182\" height=\"183\" src=\"https:\/\/oralaser.com.co\/wp-content\/uploads\/2024\/07\/Mesa-de-trabajo-103@150x-8-1.webp\" class=\"elementor-animation-bob attachment-full size-full wp-image-744\" alt=\"\" srcset=\"https:\/\/oralaser.com.co\/wp-content\/uploads\/2024\/07\/Mesa-de-trabajo-103@150x-8-1.webp 182w, https:\/\/oralaser.com.co\/wp-content\/uploads\/2024\/07\/Mesa-de-trabajo-103@150x-8-1-150x150.webp 150w\" sizes=\"(max-width: 182px) 100vw, 182px\" \/><\/a><\/figure><div class=\"elementor-image-box-content\"><h3 class=\"elementor-image-box-title\"><a href=\"https:\/\/oralaser.com.co\/en\/estados-financieros-ano-2023-inversionistas-en-salud-oral-sas\/\" target=\"_blank\" rel=\"nofollow\">Financial Statements Franchise Inversoral <\/a><\/h3><\/div><\/div>\t\t\t\t<\/div>\n\t\t\t\t<\/div>\n\t\t\t\t\t<\/div>\n\t\t<\/div>\n\t\t\t\t<div class=\"elementor-column elementor-col-33 elementor-inner-column elementor-element elementor-element-9730173\" data-id=\"9730173\" data-element_type=\"column\" data-e-type=\"column\">\n\t\t\t<div class=\"elementor-widget-wrap elementor-element-populated\">\n\t\t\t\t\t\t<div class=\"elementor-element elementor-element-8aea618 elementor-position-top elementor-widget elementor-widget-image-box\" data-id=\"8aea618\" data-element_type=\"widget\" data-e-type=\"widget\" data-widget_type=\"image-box.default\">\n\t\t\t\t<div class=\"elementor-widget-container\">\n\t\t\t\t\t<div class=\"elementor-image-box-wrapper\"><figure class=\"elementor-image-box-img\"><a href=\"https:\/\/oralaser.com.co\/en\/informe-ministerio-de-trabajo-enero-2022_compressed\/\" target=\"_blank\" rel=\"nofollow\" tabindex=\"-1\"><img decoding=\"async\" width=\"182\" height=\"183\" src=\"https:\/\/oralaser.com.co\/wp-content\/uploads\/2024\/07\/Mesa-de-trabajo-103@150x-8-1.webp\" class=\"elementor-animation-bob attachment-full size-full wp-image-744\" alt=\"\" srcset=\"https:\/\/oralaser.com.co\/wp-content\/uploads\/2024\/07\/Mesa-de-trabajo-103@150x-8-1.webp 182w, https:\/\/oralaser.com.co\/wp-content\/uploads\/2024\/07\/Mesa-de-trabajo-103@150x-8-1-150x150.webp 150w\" sizes=\"(max-width: 182px) 100vw, 182px\" \/><\/a><\/figure><div class=\"elementor-image-box-content\"><h3 class=\"elementor-image-box-title\"><a href=\"https:\/\/oralaser.com.co\/en\/informe-ministerio-de-trabajo-enero-2022_compressed\/\" target=\"_blank\" rel=\"nofollow\">COPASST Follow-up Report - 2022<\/a><\/h3><\/div><\/div>\t\t\t\t<\/div>\n\t\t\t\t<\/div>\n\t\t\t\t\t<\/div>\n\t\t<\/div>\n\t\t\t\t<div class=\"elementor-column elementor-col-33 elementor-inner-column elementor-element elementor-element-61d71b7\" data-id=\"61d71b7\" data-element_type=\"column\" data-e-type=\"column\">\n\t\t\t<div class=\"elementor-widget-wrap elementor-element-populated\">\n\t\t\t\t\t\t<div class=\"elementor-element elementor-element-27850bd elementor-position-top elementor-widget elementor-widget-image-box\" data-id=\"27850bd\" data-element_type=\"widget\" data-e-type=\"widget\" data-widget_type=\"image-box.default\">\n\t\t\t\t<div class=\"elementor-widget-container\">\n\t\t\t\t\t<div class=\"elementor-image-box-wrapper\"><figure class=\"elementor-image-box-img\"><a href=\"https:\/\/oralaser.com.co\/en\/publicacion-estados-financieros-oral-jma-sas-a-julio-18-de-2023\/\" target=\"_blank\" rel=\"nofollow\" tabindex=\"-1\"><img decoding=\"async\" width=\"182\" height=\"183\" src=\"https:\/\/oralaser.com.co\/wp-content\/uploads\/2024\/07\/Mesa-de-trabajo-103@150x-8-1.webp\" class=\"elementor-animation-bob attachment-full size-full wp-image-744\" alt=\"\" srcset=\"https:\/\/oralaser.com.co\/wp-content\/uploads\/2024\/07\/Mesa-de-trabajo-103@150x-8-1.webp 182w, https:\/\/oralaser.com.co\/wp-content\/uploads\/2024\/07\/Mesa-de-trabajo-103@150x-8-1-150x150.webp 150w\" sizes=\"(max-width: 182px) 100vw, 182px\" \/><\/a><\/figure><div class=\"elementor-image-box-content\"><h3 class=\"elementor-image-box-title\"><a href=\"https:\/\/oralaser.com.co\/en\/publicacion-estados-financieros-oral-jma-sas-a-julio-18-de-2023\/\" target=\"_blank\" rel=\"nofollow\">Financial Statements Oral L\u00e1ser JMA S.A.S.<\/a><\/h3><\/div><\/div>\t\t\t\t<\/div>\n\t\t\t\t<\/div>\n\t\t\t\t\t<\/div>\n\t\t<\/div>\n\t\t\t\t\t<\/div>\n\t\t<\/section>\n\t\t\t\t<section class=\"elementor-section elementor-inner-section elementor-element elementor-element-be7adb7 elementor-section-boxed elementor-section-height-default elementor-section-height-default\" data-id=\"be7adb7\" data-element_type=\"section\" data-e-type=\"section\" data-settings=\"{&quot;jet_parallax_layout_list&quot;:[],&quot;_ha_eqh_enable&quot;:false}\">\n\t\t\t\t\t\t<div class=\"elementor-container elementor-column-gap-default\">\n\t\t\t\t\t<div class=\"elementor-column elementor-col-33 elementor-inner-column elementor-element elementor-element-79744d6\" data-id=\"79744d6\" data-element_type=\"column\" data-e-type=\"column\">\n\t\t\t<div class=\"elementor-widget-wrap elementor-element-populated\">\n\t\t\t\t\t\t<div class=\"elementor-element elementor-element-2ea4cbd elementor-position-top elementor-widget elementor-widget-image-box\" data-id=\"2ea4cbd\" data-element_type=\"widget\" data-e-type=\"widget\" data-widget_type=\"image-box.default\">\n\t\t\t\t<div class=\"elementor-widget-container\">\n\t\t\t\t\t<div class=\"elementor-image-box-wrapper\"><figure class=\"elementor-image-box-img\"><a href=\"https:\/\/oralaser.com.co\/en\/estados-financieros-oral-laser-2024\/\" target=\"_blank\" rel=\"nofollow\" tabindex=\"-1\"><img decoding=\"async\" width=\"182\" height=\"183\" src=\"https:\/\/oralaser.com.co\/wp-content\/uploads\/2024\/07\/Mesa-de-trabajo-103@150x-8-1.webp\" class=\"elementor-animation-bob attachment-full size-full wp-image-744\" alt=\"\" srcset=\"https:\/\/oralaser.com.co\/wp-content\/uploads\/2024\/07\/Mesa-de-trabajo-103@150x-8-1.webp 182w, https:\/\/oralaser.com.co\/wp-content\/uploads\/2024\/07\/Mesa-de-trabajo-103@150x-8-1-150x150.webp 150w\" sizes=\"(max-width: 182px) 100vw, 182px\" \/><\/a><\/figure><div class=\"elementor-image-box-content\"><h3 class=\"elementor-image-box-title\"><a href=\"https:\/\/oralaser.com.co\/en\/estados-financieros-oral-laser-2024\/\" target=\"_blank\" rel=\"nofollow\">States<br> financieros 2024<\/a><\/h3><\/div><\/div>\t\t\t\t<\/div>\n\t\t\t\t<\/div>\n\t\t\t\t\t<\/div>\n\t\t<\/div>\n\t\t\t\t<div class=\"elementor-column elementor-col-33 elementor-inner-column elementor-element elementor-element-1b2e669\" data-id=\"1b2e669\" data-element_type=\"column\" data-e-type=\"column\">\n\t\t\t<div class=\"elementor-widget-wrap elementor-element-populated\">\n\t\t\t\t\t\t<div class=\"elementor-element elementor-element-7743ec8 elementor-position-top elementor-widget elementor-widget-image-box\" data-id=\"7743ec8\" data-element_type=\"widget\" data-e-type=\"widget\" data-widget_type=\"image-box.default\">\n\t\t\t\t<div class=\"elementor-widget-container\">\n\t\t\t\t\t<div class=\"elementor-image-box-wrapper\"><figure class=\"elementor-image-box-img\"><a href=\"https:\/\/oralaser.com.co\/en\/revelaciones-oral-laser-2023_compressed\/\" target=\"_blank\" rel=\"nofollow\" tabindex=\"-1\"><img decoding=\"async\" width=\"182\" height=\"183\" src=\"https:\/\/oralaser.com.co\/wp-content\/uploads\/2024\/07\/Mesa-de-trabajo-103@150x-8-1.webp\" class=\"elementor-animation-bob attachment-full size-full wp-image-744\" alt=\"\" srcset=\"https:\/\/oralaser.com.co\/wp-content\/uploads\/2024\/07\/Mesa-de-trabajo-103@150x-8-1.webp 182w, https:\/\/oralaser.com.co\/wp-content\/uploads\/2024\/07\/Mesa-de-trabajo-103@150x-8-1-150x150.webp 150w\" sizes=\"(max-width: 182px) 100vw, 182px\" \/><\/a><\/figure><div class=\"elementor-image-box-content\"><h3 class=\"elementor-image-box-title\"><a href=\"https:\/\/oralaser.com.co\/en\/revelaciones-oral-laser-2023_compressed\/\" target=\"_blank\" rel=\"nofollow\">Disclosures<br> Oral L\u00e1ser 2023<\/a><\/h3><\/div><\/div>\t\t\t\t<\/div>\n\t\t\t\t<\/div>\n\t\t\t\t\t<\/div>\n\t\t<\/div>\n\t\t\t\t<div class=\"elementor-column elementor-col-33 elementor-inner-column elementor-element elementor-element-32d45cb\" data-id=\"32d45cb\" data-element_type=\"column\" data-e-type=\"column\">\n\t\t\t<div class=\"elementor-widget-wrap elementor-element-populated\">\n\t\t\t\t\t\t<div class=\"elementor-element elementor-element-c1715d0 elementor-position-top elementor-widget elementor-widget-image-box\" data-id=\"c1715d0\" data-element_type=\"widget\" data-e-type=\"widget\" data-widget_type=\"image-box.default\">\n\t\t\t\t<div class=\"elementor-widget-container\">\n\t\t\t\t\t<div class=\"elementor-image-box-wrapper\"><figure class=\"elementor-image-box-img\"><a href=\"https:\/\/oralaser.com.co\/en\/dictamen-oral-laser-2023\/\" target=\"_blank\" rel=\"nofollow\" tabindex=\"-1\"><img decoding=\"async\" width=\"182\" height=\"183\" src=\"https:\/\/oralaser.com.co\/wp-content\/uploads\/2024\/07\/Mesa-de-trabajo-103@150x-8-1.webp\" class=\"elementor-animation-bob attachment-full size-full wp-image-744\" alt=\"\" srcset=\"https:\/\/oralaser.com.co\/wp-content\/uploads\/2024\/07\/Mesa-de-trabajo-103@150x-8-1.webp 182w, https:\/\/oralaser.com.co\/wp-content\/uploads\/2024\/07\/Mesa-de-trabajo-103@150x-8-1-150x150.webp 150w\" sizes=\"(max-width: 182px) 100vw, 182px\" \/><\/a><\/figure><div class=\"elementor-image-box-content\"><h3 class=\"elementor-image-box-title\"><a href=\"https:\/\/oralaser.com.co\/en\/dictamen-oral-laser-2023\/\" target=\"_blank\" rel=\"nofollow\">Opinion<br> Oral L\u00e1ser 2023<\/a><\/h3><\/div><\/div>\t\t\t\t<\/div>\n\t\t\t\t<\/div>\n\t\t\t\t\t<\/div>\n\t\t<\/div>\n\t\t\t\t\t<\/div>\n\t\t<\/section>\n\t\t\t\t<section class=\"elementor-section elementor-inner-section elementor-element elementor-element-34fc843 elementor-section-boxed elementor-section-height-default elementor-section-height-default\" data-id=\"34fc843\" data-element_type=\"section\" data-e-type=\"section\" data-settings=\"{&quot;jet_parallax_layout_list&quot;:[],&quot;_ha_eqh_enable&quot;:false}\">\n\t\t\t\t\t\t<div class=\"elementor-container elementor-column-gap-default\">\n\t\t\t\t\t<div class=\"elementor-column elementor-col-33 elementor-inner-column elementor-element elementor-element-c5a9544\" data-id=\"c5a9544\" data-element_type=\"column\" data-e-type=\"column\">\n\t\t\t<div class=\"elementor-widget-wrap elementor-element-populated\">\n\t\t\t\t\t\t<div class=\"elementor-element elementor-element-2cdca9b elementor-position-top elementor-widget elementor-widget-image-box\" data-id=\"2cdca9b\" data-element_type=\"widget\" data-e-type=\"widget\" data-widget_type=\"image-box.default\">\n\t\t\t\t<div class=\"elementor-widget-container\">\n\t\t\t\t\t<div class=\"elementor-image-box-wrapper\"><figure class=\"elementor-image-box-img\"><a href=\"https:\/\/oralaser.com.co\/en\/estados-financieros-inversionistas-en-salud-oral-2024\/\" target=\"_blank\" rel=\"nofollow\" tabindex=\"-1\"><img decoding=\"async\" width=\"182\" height=\"183\" src=\"https:\/\/oralaser.com.co\/wp-content\/uploads\/2024\/07\/Mesa-de-trabajo-103@150x-8-1.webp\" class=\"elementor-animation-bob attachment-full size-full wp-image-744\" alt=\"\" srcset=\"https:\/\/oralaser.com.co\/wp-content\/uploads\/2024\/07\/Mesa-de-trabajo-103@150x-8-1.webp 182w, https:\/\/oralaser.com.co\/wp-content\/uploads\/2024\/07\/Mesa-de-trabajo-103@150x-8-1-150x150.webp 150w\" sizes=\"(max-width: 182px) 100vw, 182px\" \/><\/a><\/figure><div class=\"elementor-image-box-content\"><h3 class=\"elementor-image-box-title\"><a href=\"https:\/\/oralaser.com.co\/en\/estados-financieros-inversionistas-en-salud-oral-2024\/\" target=\"_blank\" rel=\"nofollow\">States<br> financieros inversionistas en salud oral 2024<\/a><\/h3><\/div><\/div>\t\t\t\t<\/div>\n\t\t\t\t<\/div>\n\t\t\t\t\t<\/div>\n\t\t<\/div>\n\t\t\t\t<div class=\"elementor-column elementor-col-33 elementor-inner-column elementor-element elementor-element-f4836e3\" data-id=\"f4836e3\" data-element_type=\"column\" data-e-type=\"column\">\n\t\t\t<div class=\"elementor-widget-wrap\">\n\t\t\t\t\t\t\t<\/div>\n\t\t<\/div>\n\t\t\t\t<div class=\"elementor-column elementor-col-33 elementor-inner-column elementor-element elementor-element-b4664dc\" data-id=\"b4664dc\" data-element_type=\"column\" data-e-type=\"column\">\n\t\t\t<div class=\"elementor-widget-wrap\">\n\t\t\t\t\t\t\t<\/div>\n\t\t<\/div>\n\t\t\t\t\t<\/div>\n\t\t<\/section>\n\t\t\t\t\t<\/div>\n\t\t<\/div>\n\t\t\t\t\t<\/div>\n\t\t<\/section>\n\t\t\t\t<\/div>","protected":false},"excerpt":{"rendered":"<p>ESTADOS FINANCIEROS Estados Financieros Franquicia Inversoral Informe seguimiento COPASST &#8211; 2022 Estados financieros Oral L\u00e1ser JMA S.A.S. Estados financieros 2024 Revelaciones Oral L\u00e1ser 2023 Dictamen Oral L\u00e1ser 2023 Estados financieros inversionistas en salud oral 2024<\/p>","protected":false},"author":1,"featured_media":0,"parent":0,"menu_order":0,"comment_status":"closed","ping_status":"closed","template":"","meta":{"footnotes":""},"class_list":["post-40","page","type-page","status-publish","hentry"],"yoast_head":"<!-- This site is optimized with the Yoast SEO plugin v27.3 - https:\/\/yoast.com\/product\/yoast-seo-wordpress\/ -->\n<title>Estados Financieros - Oral laser<\/title>\n<meta name=\"description\" content=\"Accede a los estados financieros de Oral L\u00e1ser, cl\u00ednica odontol\u00f3gica en Medell\u00edn, para conocer nuestra transparencia y compromiso financiero.\" \/>\n<meta name=\"robots\" content=\"index, follow, max-snippet:-1, max-image-preview:large, max-video-preview:-1\" \/>\n<link rel=\"canonical\" href=\"https:\/\/oralaser.com.co\/en\/estados-financieros\/\" \/>\n<meta property=\"og:locale\" content=\"en_US\" \/>\n<meta property=\"og:type\" content=\"article\" \/>\n<meta property=\"og:title\" content=\"Estados Financieros - Oral laser\" \/>\n<meta property=\"og:description\" content=\"Accede a los estados financieros de Oral L\u00e1ser, cl\u00ednica odontol\u00f3gica en Medell\u00edn, para conocer nuestra transparencia y compromiso financiero.\" \/>\n<meta property=\"og:url\" content=\"https:\/\/oralaser.com.co\/en\/estados-financieros\/\" \/>\n<meta property=\"og:site_name\" content=\"Oral laser\" \/>\n<meta property=\"article:modified_time\" content=\"2025-05-06T21:21:09+00:00\" \/>\n<meta property=\"og:image\" content=\"https:\/\/oralaser.com.co\/wp-content\/uploads\/2024\/07\/Mesa-de-trabajo-103@150x-8-1.webp\" \/>\n\t<meta property=\"og:image:width\" content=\"182\" \/>\n\t<meta property=\"og:image:height\" content=\"183\" \/>\n\t<meta property=\"og:image:type\" content=\"image\/webp\" \/>\n<meta name=\"twitter:card\" content=\"summary_large_image\" \/>\n<meta name=\"twitter:label1\" content=\"Est. reading time\" \/>\n\t<meta name=\"twitter:data1\" content=\"2 minutes\" \/>\n<script type=\"application\/ld+json\" class=\"yoast-schema-graph\">{\"@context\":\"https:\\\/\\\/schema.org\",\"@graph\":[{\"@type\":\"WebPage\",\"@id\":\"https:\\\/\\\/oralaser.com.co\\\/estados-financieros\\\/\",\"url\":\"https:\\\/\\\/oralaser.com.co\\\/estados-financieros\\\/\",\"name\":\"Estados Financieros - Oral laser\",\"isPartOf\":{\"@id\":\"https:\\\/\\\/oralaser.com.co\\\/#website\"},\"primaryImageOfPage\":{\"@id\":\"https:\\\/\\\/oralaser.com.co\\\/estados-financieros\\\/#primaryimage\"},\"image\":{\"@id\":\"https:\\\/\\\/oralaser.com.co\\\/estados-financieros\\\/#primaryimage\"},\"thumbnailUrl\":\"https:\\\/\\\/oralaser.com.co\\\/wp-content\\\/uploads\\\/2024\\\/07\\\/Mesa-de-trabajo-103@150x-8-1.webp\",\"datePublished\":\"2024-07-24T20:23:31+00:00\",\"dateModified\":\"2025-05-06T21:21:09+00:00\",\"description\":\"Accede a los estados financieros de Oral L\u00e1ser, cl\u00ednica odontol\u00f3gica en Medell\u00edn, para conocer nuestra transparencia y compromiso financiero.\",\"breadcrumb\":{\"@id\":\"https:\\\/\\\/oralaser.com.co\\\/estados-financieros\\\/#breadcrumb\"},\"inLanguage\":\"en-US\",\"potentialAction\":[{\"@type\":\"ReadAction\",\"target\":[\"https:\\\/\\\/oralaser.com.co\\\/estados-financieros\\\/\"]}]},{\"@type\":\"ImageObject\",\"inLanguage\":\"en-US\",\"@id\":\"https:\\\/\\\/oralaser.com.co\\\/estados-financieros\\\/#primaryimage\",\"url\":\"https:\\\/\\\/oralaser.com.co\\\/wp-content\\\/uploads\\\/2024\\\/07\\\/Mesa-de-trabajo-103@150x-8-1.webp\",\"contentUrl\":\"https:\\\/\\\/oralaser.com.co\\\/wp-content\\\/uploads\\\/2024\\\/07\\\/Mesa-de-trabajo-103@150x-8-1.webp\"},{\"@type\":\"BreadcrumbList\",\"@id\":\"https:\\\/\\\/oralaser.com.co\\\/estados-financieros\\\/#breadcrumb\",\"itemListElement\":[{\"@type\":\"ListItem\",\"position\":1,\"name\":\"Inicio\",\"item\":\"https:\\\/\\\/oralaser.com.co\\\/\"},{\"@type\":\"ListItem\",\"position\":2,\"name\":\"Estados Financieros\"}]},{\"@type\":\"WebSite\",\"@id\":\"https:\\\/\\\/oralaser.com.co\\\/#website\",\"url\":\"https:\\\/\\\/oralaser.com.co\\\/\",\"name\":\"Oral laser\",\"description\":\"\",\"publisher\":{\"@id\":\"https:\\\/\\\/oralaser.com.co\\\/#organization\"},\"potentialAction\":[{\"@type\":\"SearchAction\",\"target\":{\"@type\":\"EntryPoint\",\"urlTemplate\":\"https:\\\/\\\/oralaser.com.co\\\/?s={search_term_string}\"},\"query-input\":{\"@type\":\"PropertyValueSpecification\",\"valueRequired\":true,\"valueName\":\"search_term_string\"}}],\"inLanguage\":\"en-US\"},{\"@type\":\"Organization\",\"@id\":\"https:\\\/\\\/oralaser.com.co\\\/#organization\",\"name\":\"Oral laser\",\"url\":\"https:\\\/\\\/oralaser.com.co\\\/\",\"logo\":{\"@type\":\"ImageObject\",\"inLanguage\":\"en-US\",\"@id\":\"https:\\\/\\\/oralaser.com.co\\\/#\\\/schema\\\/logo\\\/image\\\/\",\"url\":\"https:\\\/\\\/oralaser.com.co\\\/wp-content\\\/uploads\\\/2024\\\/07\\\/ORAL-LASER-1.png\",\"contentUrl\":\"https:\\\/\\\/oralaser.com.co\\\/wp-content\\\/uploads\\\/2024\\\/07\\\/ORAL-LASER-1.png\",\"width\":518,\"height\":538,\"caption\":\"Oral laser\"},\"image\":{\"@id\":\"https:\\\/\\\/oralaser.com.co\\\/#\\\/schema\\\/logo\\\/image\\\/\"}}]}<\/script>\n<!-- \/ Yoast SEO plugin. -->","yoast_head_json":{"title":"Estados Financieros - Oral laser","description":"Accede a los estados financieros de Oral L\u00e1ser, cl\u00ednica odontol\u00f3gica en Medell\u00edn, para conocer nuestra transparencia y compromiso financiero.","robots":{"index":"index","follow":"follow","max-snippet":"max-snippet:-1","max-image-preview":"max-image-preview:large","max-video-preview":"max-video-preview:-1"},"canonical":"https:\/\/oralaser.com.co\/en\/estados-financieros\/","og_locale":"en_US","og_type":"article","og_title":"Estados Financieros - Oral laser","og_description":"Accede a los estados financieros de Oral L\u00e1ser, cl\u00ednica odontol\u00f3gica en Medell\u00edn, para conocer nuestra transparencia y compromiso financiero.","og_url":"https:\/\/oralaser.com.co\/en\/estados-financieros\/","og_site_name":"Oral laser","article_modified_time":"2025-05-06T21:21:09+00:00","og_image":[{"width":182,"height":183,"url":"https:\/\/oralaser.com.co\/wp-content\/uploads\/2024\/07\/Mesa-de-trabajo-103@150x-8-1.webp","type":"image\/webp"}],"twitter_card":"summary_large_image","twitter_misc":{"Est. reading time":"2 minutes"},"schema":{"@context":"https:\/\/schema.org","@graph":[{"@type":"WebPage","@id":"https:\/\/oralaser.com.co\/estados-financieros\/","url":"https:\/\/oralaser.com.co\/estados-financieros\/","name":"Estados Financieros - Oral laser","isPartOf":{"@id":"https:\/\/oralaser.com.co\/#website"},"primaryImageOfPage":{"@id":"https:\/\/oralaser.com.co\/estados-financieros\/#primaryimage"},"image":{"@id":"https:\/\/oralaser.com.co\/estados-financieros\/#primaryimage"},"thumbnailUrl":"https:\/\/oralaser.com.co\/wp-content\/uploads\/2024\/07\/Mesa-de-trabajo-103@150x-8-1.webp","datePublished":"2024-07-24T20:23:31+00:00","dateModified":"2025-05-06T21:21:09+00:00","description":"Accede a los estados financieros de Oral L\u00e1ser, cl\u00ednica odontol\u00f3gica en Medell\u00edn, para conocer nuestra transparencia y compromiso financiero.","breadcrumb":{"@id":"https:\/\/oralaser.com.co\/estados-financieros\/#breadcrumb"},"inLanguage":"en-US","potentialAction":[{"@type":"ReadAction","target":["https:\/\/oralaser.com.co\/estados-financieros\/"]}]},{"@type":"ImageObject","inLanguage":"en-US","@id":"https:\/\/oralaser.com.co\/estados-financieros\/#primaryimage","url":"https:\/\/oralaser.com.co\/wp-content\/uploads\/2024\/07\/Mesa-de-trabajo-103@150x-8-1.webp","contentUrl":"https:\/\/oralaser.com.co\/wp-content\/uploads\/2024\/07\/Mesa-de-trabajo-103@150x-8-1.webp"},{"@type":"BreadcrumbList","@id":"https:\/\/oralaser.com.co\/estados-financieros\/#breadcrumb","itemListElement":[{"@type":"ListItem","position":1,"name":"Inicio","item":"https:\/\/oralaser.com.co\/"},{"@type":"ListItem","position":2,"name":"Estados Financieros"}]},{"@type":"WebSite","@id":"https:\/\/oralaser.com.co\/#website","url":"https:\/\/oralaser.com.co\/","name":"Oral laser","description":"","publisher":{"@id":"https:\/\/oralaser.com.co\/#organization"},"potentialAction":[{"@type":"SearchAction","target":{"@type":"EntryPoint","urlTemplate":"https:\/\/oralaser.com.co\/?s={search_term_string}"},"query-input":{"@type":"PropertyValueSpecification","valueRequired":true,"valueName":"search_term_string"}}],"inLanguage":"en-US"},{"@type":"Organization","@id":"https:\/\/oralaser.com.co\/#organization","name":"Oral laser","url":"https:\/\/oralaser.com.co\/","logo":{"@type":"ImageObject","inLanguage":"en-US","@id":"https:\/\/oralaser.com.co\/#\/schema\/logo\/image\/","url":"https:\/\/oralaser.com.co\/wp-content\/uploads\/2024\/07\/ORAL-LASER-1.png","contentUrl":"https:\/\/oralaser.com.co\/wp-content\/uploads\/2024\/07\/ORAL-LASER-1.png","width":518,"height":538,"caption":"Oral laser"},"image":{"@id":"https:\/\/oralaser.com.co\/#\/schema\/logo\/image\/"}}]}},"_links":{"self":[{"href":"https:\/\/oralaser.com.co\/en\/wp-json\/wp\/v2\/pages\/40","targetHints":{"allow":["GET"]}}],"collection":[{"href":"https:\/\/oralaser.com.co\/en\/wp-json\/wp\/v2\/pages"}],"about":[{"href":"https:\/\/oralaser.com.co\/en\/wp-json\/wp\/v2\/types\/page"}],"author":[{"embeddable":true,"href":"https:\/\/oralaser.com.co\/en\/wp-json\/wp\/v2\/users\/1"}],"replies":[{"embeddable":true,"href":"https:\/\/oralaser.com.co\/en\/wp-json\/wp\/v2\/comments?post=40"}],"version-history":[{"count":11,"href":"https:\/\/oralaser.com.co\/en\/wp-json\/wp\/v2\/pages\/40\/revisions"}],"predecessor-version":[{"id":1833,"href":"https:\/\/oralaser.com.co\/en\/wp-json\/wp\/v2\/pages\/40\/revisions\/1833"}],"wp:attachment":[{"href":"https:\/\/oralaser.com.co\/en\/wp-json\/wp\/v2\/media?parent=40"}],"curies":[{"name":"wp","href":"https:\/\/api.w.org\/{rel}","templated":true}]}}