{"id":34,"date":"2024-07-24T15:21:34","date_gmt":"2024-07-24T20:21:34","guid":{"rendered":"https:\/\/oralaser.com.co\/?page_id=34"},"modified":"2025-02-07T15:25:08","modified_gmt":"2025-02-07T20:25:08","slug":"politicas","status":"publish","type":"page","link":"https:\/\/oralaser.com.co\/en\/politicas\/","title":{"rendered":"Policies"},"content":{"rendered":"<div data-elementor-type=\"wp-page\" data-elementor-id=\"34\" class=\"elementor elementor-34\" data-elementor-settings=\"{&quot;ha_cmc_init_switcher&quot;:&quot;no&quot;}\" data-elementor-post-type=\"page\">\n\t\t\t\t\t\t<section class=\"elementor-section elementor-top-section elementor-element elementor-element-2ff69e0 elementor-section-full_width elementor-section-height-default elementor-section-height-default\" data-id=\"2ff69e0\" data-element_type=\"section\" data-e-type=\"section\" data-settings=\"{&quot;jet_parallax_layout_list&quot;:[],&quot;background_background&quot;:&quot;classic&quot;,&quot;_ha_eqh_enable&quot;:false}\">\n\t\t\t\t\t\t<div class=\"elementor-container elementor-column-gap-default\">\n\t\t\t\t\t<div class=\"elementor-column elementor-col-100 elementor-top-column elementor-element elementor-element-b1dc81e\" data-id=\"b1dc81e\" data-element_type=\"column\" data-e-type=\"column\">\n\t\t\t<div class=\"elementor-widget-wrap elementor-element-populated\">\n\t\t\t\t\t\t<div class=\"elementor-element elementor-element-2a45c76 elementor-widget elementor-widget-heading\" data-id=\"2a45c76\" data-element_type=\"widget\" data-e-type=\"widget\" data-widget_type=\"heading.default\">\n\t\t\t\t<div class=\"elementor-widget-container\">\n\t\t\t\t\t<h2 class=\"elementor-heading-title elementor-size-default\">POLICIES<\/h2>\t\t\t\t<\/div>\n\t\t\t\t<\/div>\n\t\t\t\t<div class=\"elementor-element elementor-element-684f30d elementor-widget elementor-widget-menu-anchor\" data-id=\"684f30d\" data-element_type=\"widget\" data-e-type=\"widget\" data-widget_type=\"menu-anchor.default\">\n\t\t\t\t<div class=\"elementor-widget-container\">\n\t\t\t\t\t\t\t<div class=\"elementor-menu-anchor\" id=\"calidad\"><\/div>\n\t\t\t\t\t\t<\/div>\n\t\t\t\t<\/div>\n\t\t\t\t\t<\/div>\n\t\t<\/div>\n\t\t\t\t\t<\/div>\n\t\t<\/section>\n\t\t\t\t<section class=\"elementor-section elementor-top-section elementor-element elementor-element-8f6475c elementor-section-boxed elementor-section-height-default elementor-section-height-default\" data-id=\"8f6475c\" data-element_type=\"section\" data-e-type=\"section\" data-settings=\"{&quot;jet_parallax_layout_list&quot;:[],&quot;_ha_eqh_enable&quot;:false}\">\n\t\t\t\t\t\t<div class=\"elementor-container elementor-column-gap-default\">\n\t\t\t\t\t<div class=\"elementor-column elementor-col-100 elementor-top-column elementor-element elementor-element-d04cfbc\" data-id=\"d04cfbc\" data-element_type=\"column\" data-e-type=\"column\">\n\t\t\t<div class=\"elementor-widget-wrap elementor-element-populated\">\n\t\t\t\t\t\t<div class=\"elementor-element elementor-element-139b2e1 elementor-widget elementor-widget-heading\" data-id=\"139b2e1\" data-element_type=\"widget\" data-e-type=\"widget\" data-widget_type=\"heading.default\">\n\t\t\t\t<div class=\"elementor-widget-container\">\n\t\t\t\t\t<h2 class=\"elementor-heading-title elementor-size-default\">QUALITY POLICY<\/h2>\t\t\t\t<\/div>\n\t\t\t\t<\/div>\n\t\t\t\t<div class=\"elementor-element elementor-element-4e8ef22 elementor-widget elementor-widget-text-editor\" data-id=\"4e8ef22\" data-element_type=\"widget\" data-e-type=\"widget\" data-widget_type=\"text-editor.default\">\n\t\t\t\t<div class=\"elementor-widget-container\">\n\t\t\t\t\t\t\t\t\t<p>The <strong>CLINICA ODONTOL\u00d3GICA ORAL LASER,<\/strong> seeks through the provision of dental services, to provide satisfaction to our users through <strong>timely and relevant care in facilities that offer comfort and integrity in services,<\/strong> for which it is committed to develop activities aimed at compliance with this policy at all levels of the company.<br \/><br \/>Sincerely yours:<\/p>\t\t\t\t\t\t\t\t<\/div>\n\t\t\t\t<\/div>\n\t\t\t\t<div class=\"elementor-element elementor-element-e62e9be elementor-widget elementor-widget-image\" data-id=\"e62e9be\" data-element_type=\"widget\" data-e-type=\"widget\" data-widget_type=\"image.default\">\n\t\t\t\t<div class=\"elementor-widget-container\">\n\t\t\t\t\t\t\t\t\t\t\t\t\t\t\t<img fetchpriority=\"high\" decoding=\"async\" width=\"347\" height=\"264\" src=\"https:\/\/oralaser.com.co\/wp-content\/uploads\/2024\/07\/Mesa-de-trabajo-102@150x-8-1.webp\" class=\"attachment-large size-large wp-image-675\" alt=\"\" srcset=\"https:\/\/oralaser.com.co\/wp-content\/uploads\/2024\/07\/Mesa-de-trabajo-102@150x-8-1.webp 347w, https:\/\/oralaser.com.co\/wp-content\/uploads\/2024\/07\/Mesa-de-trabajo-102@150x-8-1-300x228.webp 300w\" sizes=\"(max-width: 347px) 100vw, 347px\" \/>\t\t\t\t\t\t\t\t\t\t\t\t\t\t\t<\/div>\n\t\t\t\t<\/div>\n\t\t\t\t<div class=\"elementor-element elementor-element-c8f18fb elementor-widget elementor-widget-text-editor\" data-id=\"c8f18fb\" data-element_type=\"widget\" data-e-type=\"widget\" data-widget_type=\"text-editor.default\">\n\t\t\t\t<div class=\"elementor-widget-container\">\n\t\t\t\t\t\t\t\t\t<p><strong>JUAN SEBASTIAN OCHOA JARAMILLO<\/strong><br \/>LAS VEGAS STOMATOLOGICAL UNIT S.A.<br \/><strong>Legal representative<\/strong><\/p>\t\t\t\t\t\t\t\t<\/div>\n\t\t\t\t<\/div>\n\t\t\t\t<div class=\"elementor-element elementor-element-a836244 elementor-widget elementor-widget-menu-anchor\" data-id=\"a836244\" data-element_type=\"widget\" data-e-type=\"widget\" data-widget_type=\"menu-anchor.default\">\n\t\t\t\t<div class=\"elementor-widget-container\">\n\t\t\t\t\t\t\t<div class=\"elementor-menu-anchor\" id=\"ambiental\"><\/div>\n\t\t\t\t\t\t<\/div>\n\t\t\t\t<\/div>\n\t\t\t\t\t<\/div>\n\t\t<\/div>\n\t\t\t\t\t<\/div>\n\t\t<\/section>\n\t\t\t\t<section class=\"elementor-section elementor-top-section elementor-element elementor-element-0c74969 elementor-section-boxed elementor-section-height-default elementor-section-height-default\" data-id=\"0c74969\" data-element_type=\"section\" data-e-type=\"section\" data-settings=\"{&quot;jet_parallax_layout_list&quot;:[],&quot;_ha_eqh_enable&quot;:false}\">\n\t\t\t\t\t\t<div class=\"elementor-container elementor-column-gap-default\">\n\t\t\t\t\t<div class=\"elementor-column elementor-col-100 elementor-top-column elementor-element elementor-element-0691fb5\" data-id=\"0691fb5\" data-element_type=\"column\" data-e-type=\"column\">\n\t\t\t<div class=\"elementor-widget-wrap elementor-element-populated\">\n\t\t\t\t\t\t<div class=\"elementor-element elementor-element-9024948 elementor-widget elementor-widget-heading\" data-id=\"9024948\" data-element_type=\"widget\" data-e-type=\"widget\" data-widget_type=\"heading.default\">\n\t\t\t\t<div class=\"elementor-widget-container\">\n\t\t\t\t\t<h2 class=\"elementor-heading-title elementor-size-default\">ENVIRONMENTAL POLICY<\/h2>\t\t\t\t<\/div>\n\t\t\t\t<\/div>\n\t\t\t\t<div class=\"elementor-element elementor-element-fb9753e elementor-widget elementor-widget-text-editor\" data-id=\"fb9753e\" data-element_type=\"widget\" data-e-type=\"widget\" data-widget_type=\"text-editor.default\">\n\t\t\t\t<div class=\"elementor-widget-container\">\n\t\t\t\t\t\t\t\t\t<p>Oral L\u00e1ser <strong>garantiza un ambiente de trabajo sano a trav\u00e9s de la generaci\u00f3n de procesos seguros<\/strong> que contribuyen a <strong>guarantees a healthy work environment through the generation of safe processes that contribute to the safety of patients and collaborators,<\/strong> institutional growth and environmental conservation.<\/p>\t\t\t\t\t\t\t\t<\/div>\n\t\t\t\t<\/div>\n\t\t\t\t<div class=\"elementor-element elementor-element-7eefa7b elementor-widget elementor-widget-text-editor\" data-id=\"7eefa7b\" data-element_type=\"widget\" data-e-type=\"widget\" data-widget_type=\"text-editor.default\">\n\t\t\t\t<div class=\"elementor-widget-container\">\n\t\t\t\t\t\t\t\t\t<p><strong>To achieve this, it assumes the following commitment:<\/strong><\/p>\t\t\t\t\t\t\t\t<\/div>\n\t\t\t\t<\/div>\n\t\t\t\t<div class=\"elementor-element elementor-element-f56c755 elementor-widget elementor-widget-text-editor\" data-id=\"f56c755\" data-element_type=\"widget\" data-e-type=\"widget\" data-widget_type=\"text-editor.default\">\n\t\t\t\t<div class=\"elementor-widget-container\">\n\t\t\t\t\t\t\t\t\t<ul><li>Allocate the necessary budget for the execution of the Institution's hospital and similar waste management plan.<br \/><br \/><\/li><li>To provide the necessary time and means for training and sensitization of the personnel regarding the norms and parameters that govern the conservation of the environment, processes of segregation, handling, treatment and final disposal of waste.<br \/><br \/><\/li><li>Carry out the necessary controls on the proper handling of waste and the application of biosecurity measures.<\/li><\/ul>\t\t\t\t\t\t\t\t<\/div>\n\t\t\t\t<\/div>\n\t\t\t\t<div class=\"elementor-element elementor-element-aec399a elementor-widget elementor-widget-text-editor\" data-id=\"aec399a\" data-element_type=\"widget\" data-e-type=\"widget\" data-widget_type=\"text-editor.default\">\n\t\t\t\t<div class=\"elementor-widget-container\">\n\t\t\t\t\t\t\t\t\t<p><strong>BE COMMUNICATED AND COMPLIED WITH<\/strong><\/p>\t\t\t\t\t\t\t\t<\/div>\n\t\t\t\t<\/div>\n\t\t\t\t<div class=\"elementor-element elementor-element-4a03736 elementor-widget elementor-widget-image\" data-id=\"4a03736\" data-element_type=\"widget\" data-e-type=\"widget\" data-widget_type=\"image.default\">\n\t\t\t\t<div class=\"elementor-widget-container\">\n\t\t\t\t\t\t\t\t\t\t\t\t\t\t\t<img fetchpriority=\"high\" decoding=\"async\" width=\"347\" height=\"264\" src=\"https:\/\/oralaser.com.co\/wp-content\/uploads\/2024\/07\/Mesa-de-trabajo-102@150x-8-1.webp\" class=\"attachment-large size-large wp-image-675\" alt=\"\" srcset=\"https:\/\/oralaser.com.co\/wp-content\/uploads\/2024\/07\/Mesa-de-trabajo-102@150x-8-1.webp 347w, https:\/\/oralaser.com.co\/wp-content\/uploads\/2024\/07\/Mesa-de-trabajo-102@150x-8-1-300x228.webp 300w\" sizes=\"(max-width: 347px) 100vw, 347px\" \/>\t\t\t\t\t\t\t\t\t\t\t\t\t\t\t<\/div>\n\t\t\t\t<\/div>\n\t\t\t\t<div class=\"elementor-element elementor-element-3ce5dd1 elementor-widget elementor-widget-text-editor\" data-id=\"3ce5dd1\" data-element_type=\"widget\" data-e-type=\"widget\" data-widget_type=\"text-editor.default\">\n\t\t\t\t<div class=\"elementor-widget-container\">\n\t\t\t\t\t\t\t\t\t<p><strong>JUAN SEBASTIAN OCHOA JARAMILLO<\/strong><br \/>LAS VEGAS STOMATOLOGICAL UNIT S.A.<br \/><strong>Legal representative<\/strong><\/p>\t\t\t\t\t\t\t\t<\/div>\n\t\t\t\t<\/div>\n\t\t\t\t<div class=\"elementor-element elementor-element-35925df elementor-widget elementor-widget-menu-anchor\" data-id=\"35925df\" data-element_type=\"widget\" data-e-type=\"widget\" data-widget_type=\"menu-anchor.default\">\n\t\t\t\t<div class=\"elementor-widget-container\">\n\t\t\t\t\t\t\t<div class=\"elementor-menu-anchor\" id=\"privacidad\"><\/div>\n\t\t\t\t\t\t<\/div>\n\t\t\t\t<\/div>\n\t\t\t\t\t<\/div>\n\t\t<\/div>\n\t\t\t\t\t<\/div>\n\t\t<\/section>\n\t\t\t\t<section class=\"elementor-section elementor-top-section elementor-element elementor-element-bfc4d88 elementor-section-boxed elementor-section-height-default elementor-section-height-default\" data-id=\"bfc4d88\" data-element_type=\"section\" data-e-type=\"section\" data-settings=\"{&quot;jet_parallax_layout_list&quot;:[],&quot;_ha_eqh_enable&quot;:false}\">\n\t\t\t\t\t\t<div class=\"elementor-container elementor-column-gap-default\">\n\t\t\t\t\t<div class=\"elementor-column elementor-col-100 elementor-top-column elementor-element elementor-element-b2a9e89\" data-id=\"b2a9e89\" data-element_type=\"column\" data-e-type=\"column\">\n\t\t\t<div class=\"elementor-widget-wrap elementor-element-populated\">\n\t\t\t\t\t\t<div class=\"elementor-element elementor-element-ae9f0b4 elementor-widget elementor-widget-heading\" data-id=\"ae9f0b4\" data-element_type=\"widget\" data-e-type=\"widget\" data-widget_type=\"heading.default\">\n\t\t\t\t<div class=\"elementor-widget-container\">\n\t\t\t\t\t<h2 class=\"elementor-heading-title elementor-size-default\">PERSONAL DATA TREATMENT POLICY<\/h2>\t\t\t\t<\/div>\n\t\t\t\t<\/div>\n\t\t\t\t<div class=\"elementor-element elementor-element-bc8be34 elementor-widget elementor-widget-text-editor\" data-id=\"bc8be34\" data-element_type=\"widget\" data-e-type=\"widget\" data-widget_type=\"text-editor.default\">\n\t\t\t\t<div class=\"elementor-widget-container\">\n\t\t\t\t\t\t\t\t\t<p>In <strong>Oral L\u00e1ser,<\/strong> we value and protect your privacy. The personal information you provide us is used only for the <strong>specific purposes of dental care and service.<\/strong> We are committed to handle your information with total confidentiality and security, complying with current data protection regulations. For more information or questions, you can contact us <strong>through our official channels.<\/strong><\/p>\t\t\t\t\t\t\t\t<\/div>\n\t\t\t\t<\/div>\n\t\t\t\t\t<\/div>\n\t\t<\/div>\n\t\t\t\t\t<\/div>\n\t\t<\/section>\n\t\t\t\t<\/div>","protected":false},"excerpt":{"rendered":"<p>\/*! elementor &#8211; v3.23.0 &#8211; 25-07-2024 *\/ .elementor-heading-title{padding:0;margin:0;line-height:1}.elementor-widget-heading .elementor-heading-title[class*=elementor-size-]&gt;a{color:inherit;font-size:inherit;line-height:inherit}.elementor-widget-heading .elementor-heading-title.elementor-size-small{font-size:15px}.elementor-widget-heading .elementor-heading-title.elementor-size-medium{font-size:19px}.elementor-widget-heading .elementor-heading-title.elementor-size-large{font-size:29px}.elementor-widget-heading .elementor-heading-title.elementor-size-xl{font-size:39px}.elementor-widget-heading .elementor-heading-title.elementor-size-xxl{font-size:59px} POL\u00cdTICAS \/*! elementor &#8211; v3.23.0 &#8211; 25-07-2024 *\/ body.elementor-page .elementor-widget-menu-anchor{margin-bottom:0} POL\u00cdTICA DE CALIDAD La CL\u00cdNICA ODONTOL\u00d3GICA ORAL LASER, busca mediante la prestaci\u00f3n de servicios odontol\u00f3gicos, brindar satisfacci\u00f3n a nuestros usuarios a trav\u00e9s de una atenci\u00f3n oportuna y pertinente en instalaciones que [&hellip;]<\/p>\n","protected":false},"author":1,"featured_media":0,"parent":0,"menu_order":0,"comment_status":"closed","ping_status":"closed","template":"","meta":{"footnotes":""},"class_list":["post-34","page","type-page","status-publish","hentry"],"yoast_head":"<!-- This site is optimized with the Yoast SEO plugin v27.3 - https:\/\/yoast.com\/product\/yoast-seo-wordpress\/ -->\n<title>Pol\u00edticas - Oral laser<\/title>\n<meta name=\"description\" content=\"Conoce las pol\u00edticas de calidad, ambientales y de tratamiento de datos personales de Oral L\u00e1ser, cl\u00ednica odontol\u00f3gica en Medell\u00edn.\" \/>\n<meta name=\"robots\" content=\"index, follow, max-snippet:-1, max-image-preview:large, max-video-preview:-1\" \/>\n<link rel=\"canonical\" href=\"https:\/\/oralaser.com.co\/en\/politicas\/\" \/>\n<meta property=\"og:locale\" content=\"en_US\" \/>\n<meta property=\"og:type\" content=\"article\" \/>\n<meta property=\"og:title\" content=\"Pol\u00edticas - Oral laser\" \/>\n<meta property=\"og:description\" content=\"Conoce las pol\u00edticas de calidad, ambientales y de tratamiento de datos personales de Oral L\u00e1ser, cl\u00ednica odontol\u00f3gica en Medell\u00edn.\" \/>\n<meta property=\"og:url\" content=\"https:\/\/oralaser.com.co\/en\/politicas\/\" \/>\n<meta property=\"og:site_name\" content=\"Oral laser\" \/>\n<meta property=\"article:modified_time\" content=\"2025-02-07T20:25:08+00:00\" \/>\n<meta property=\"og:image\" content=\"https:\/\/oralaser.com.co\/wp-content\/uploads\/2024\/07\/Mesa-de-trabajo-102@150x-8-1.webp\" \/>\n<meta name=\"twitter:card\" content=\"summary_large_image\" \/>\n<meta name=\"twitter:label1\" content=\"Est. reading time\" \/>\n\t<meta name=\"twitter:data1\" content=\"2 minutes\" \/>\n<script type=\"application\/ld+json\" class=\"yoast-schema-graph\">{\"@context\":\"https:\\\/\\\/schema.org\",\"@graph\":[{\"@type\":\"WebPage\",\"@id\":\"https:\\\/\\\/oralaser.com.co\\\/politicas\\\/\",\"url\":\"https:\\\/\\\/oralaser.com.co\\\/politicas\\\/\",\"name\":\"Pol\u00edticas - Oral laser\",\"isPartOf\":{\"@id\":\"https:\\\/\\\/oralaser.com.co\\\/#website\"},\"primaryImageOfPage\":{\"@id\":\"https:\\\/\\\/oralaser.com.co\\\/politicas\\\/#primaryimage\"},\"image\":{\"@id\":\"https:\\\/\\\/oralaser.com.co\\\/politicas\\\/#primaryimage\"},\"thumbnailUrl\":\"https:\\\/\\\/oralaser.com.co\\\/wp-content\\\/uploads\\\/2024\\\/07\\\/Mesa-de-trabajo-102@150x-8-1.webp\",\"datePublished\":\"2024-07-24T20:21:34+00:00\",\"dateModified\":\"2025-02-07T20:25:08+00:00\",\"description\":\"Conoce las pol\u00edticas de calidad, ambientales y de tratamiento de datos personales de Oral L\u00e1ser, cl\u00ednica odontol\u00f3gica en Medell\u00edn.\",\"breadcrumb\":{\"@id\":\"https:\\\/\\\/oralaser.com.co\\\/politicas\\\/#breadcrumb\"},\"inLanguage\":\"en-US\",\"potentialAction\":[{\"@type\":\"ReadAction\",\"target\":[\"https:\\\/\\\/oralaser.com.co\\\/politicas\\\/\"]}]},{\"@type\":\"ImageObject\",\"inLanguage\":\"en-US\",\"@id\":\"https:\\\/\\\/oralaser.com.co\\\/politicas\\\/#primaryimage\",\"url\":\"https:\\\/\\\/oralaser.com.co\\\/wp-content\\\/uploads\\\/2024\\\/07\\\/Mesa-de-trabajo-102@150x-8-1.webp\",\"contentUrl\":\"https:\\\/\\\/oralaser.com.co\\\/wp-content\\\/uploads\\\/2024\\\/07\\\/Mesa-de-trabajo-102@150x-8-1.webp\"},{\"@type\":\"BreadcrumbList\",\"@id\":\"https:\\\/\\\/oralaser.com.co\\\/politicas\\\/#breadcrumb\",\"itemListElement\":[{\"@type\":\"ListItem\",\"position\":1,\"name\":\"Inicio\",\"item\":\"https:\\\/\\\/oralaser.com.co\\\/\"},{\"@type\":\"ListItem\",\"position\":2,\"name\":\"Pol\u00edticas\"}]},{\"@type\":\"WebSite\",\"@id\":\"https:\\\/\\\/oralaser.com.co\\\/#website\",\"url\":\"https:\\\/\\\/oralaser.com.co\\\/\",\"name\":\"Oral laser\",\"description\":\"\",\"publisher\":{\"@id\":\"https:\\\/\\\/oralaser.com.co\\\/#organization\"},\"potentialAction\":[{\"@type\":\"SearchAction\",\"target\":{\"@type\":\"EntryPoint\",\"urlTemplate\":\"https:\\\/\\\/oralaser.com.co\\\/?s={search_term_string}\"},\"query-input\":{\"@type\":\"PropertyValueSpecification\",\"valueRequired\":true,\"valueName\":\"search_term_string\"}}],\"inLanguage\":\"en-US\"},{\"@type\":\"Organization\",\"@id\":\"https:\\\/\\\/oralaser.com.co\\\/#organization\",\"name\":\"Oral laser\",\"url\":\"https:\\\/\\\/oralaser.com.co\\\/\",\"logo\":{\"@type\":\"ImageObject\",\"inLanguage\":\"en-US\",\"@id\":\"https:\\\/\\\/oralaser.com.co\\\/#\\\/schema\\\/logo\\\/image\\\/\",\"url\":\"https:\\\/\\\/oralaser.com.co\\\/wp-content\\\/uploads\\\/2024\\\/07\\\/ORAL-LASER-1.png\",\"contentUrl\":\"https:\\\/\\\/oralaser.com.co\\\/wp-content\\\/uploads\\\/2024\\\/07\\\/ORAL-LASER-1.png\",\"width\":518,\"height\":538,\"caption\":\"Oral laser\"},\"image\":{\"@id\":\"https:\\\/\\\/oralaser.com.co\\\/#\\\/schema\\\/logo\\\/image\\\/\"}}]}<\/script>\n<!-- \/ Yoast SEO plugin. -->","yoast_head_json":{"title":"Pol\u00edticas - Oral laser","description":"Conoce las pol\u00edticas de calidad, ambientales y de tratamiento de datos personales de Oral L\u00e1ser, cl\u00ednica odontol\u00f3gica en Medell\u00edn.","robots":{"index":"index","follow":"follow","max-snippet":"max-snippet:-1","max-image-preview":"max-image-preview:large","max-video-preview":"max-video-preview:-1"},"canonical":"https:\/\/oralaser.com.co\/en\/politicas\/","og_locale":"en_US","og_type":"article","og_title":"Pol\u00edticas - Oral laser","og_description":"Conoce las pol\u00edticas de calidad, ambientales y de tratamiento de datos personales de Oral L\u00e1ser, cl\u00ednica odontol\u00f3gica en Medell\u00edn.","og_url":"https:\/\/oralaser.com.co\/en\/politicas\/","og_site_name":"Oral laser","article_modified_time":"2025-02-07T20:25:08+00:00","og_image":[{"url":"https:\/\/oralaser.com.co\/wp-content\/uploads\/2024\/07\/Mesa-de-trabajo-102@150x-8-1.webp","type":"","width":"","height":""}],"twitter_card":"summary_large_image","twitter_misc":{"Est. reading time":"2 minutes"},"schema":{"@context":"https:\/\/schema.org","@graph":[{"@type":"WebPage","@id":"https:\/\/oralaser.com.co\/politicas\/","url":"https:\/\/oralaser.com.co\/politicas\/","name":"Pol\u00edticas - Oral laser","isPartOf":{"@id":"https:\/\/oralaser.com.co\/#website"},"primaryImageOfPage":{"@id":"https:\/\/oralaser.com.co\/politicas\/#primaryimage"},"image":{"@id":"https:\/\/oralaser.com.co\/politicas\/#primaryimage"},"thumbnailUrl":"https:\/\/oralaser.com.co\/wp-content\/uploads\/2024\/07\/Mesa-de-trabajo-102@150x-8-1.webp","datePublished":"2024-07-24T20:21:34+00:00","dateModified":"2025-02-07T20:25:08+00:00","description":"Conoce las pol\u00edticas de calidad, ambientales y de tratamiento de datos personales de Oral L\u00e1ser, cl\u00ednica odontol\u00f3gica en Medell\u00edn.","breadcrumb":{"@id":"https:\/\/oralaser.com.co\/politicas\/#breadcrumb"},"inLanguage":"en-US","potentialAction":[{"@type":"ReadAction","target":["https:\/\/oralaser.com.co\/politicas\/"]}]},{"@type":"ImageObject","inLanguage":"en-US","@id":"https:\/\/oralaser.com.co\/politicas\/#primaryimage","url":"https:\/\/oralaser.com.co\/wp-content\/uploads\/2024\/07\/Mesa-de-trabajo-102@150x-8-1.webp","contentUrl":"https:\/\/oralaser.com.co\/wp-content\/uploads\/2024\/07\/Mesa-de-trabajo-102@150x-8-1.webp"},{"@type":"BreadcrumbList","@id":"https:\/\/oralaser.com.co\/politicas\/#breadcrumb","itemListElement":[{"@type":"ListItem","position":1,"name":"Inicio","item":"https:\/\/oralaser.com.co\/"},{"@type":"ListItem","position":2,"name":"Pol\u00edticas"}]},{"@type":"WebSite","@id":"https:\/\/oralaser.com.co\/#website","url":"https:\/\/oralaser.com.co\/","name":"Oral laser","description":"","publisher":{"@id":"https:\/\/oralaser.com.co\/#organization"},"potentialAction":[{"@type":"SearchAction","target":{"@type":"EntryPoint","urlTemplate":"https:\/\/oralaser.com.co\/?s={search_term_string}"},"query-input":{"@type":"PropertyValueSpecification","valueRequired":true,"valueName":"search_term_string"}}],"inLanguage":"en-US"},{"@type":"Organization","@id":"https:\/\/oralaser.com.co\/#organization","name":"Oral laser","url":"https:\/\/oralaser.com.co\/","logo":{"@type":"ImageObject","inLanguage":"en-US","@id":"https:\/\/oralaser.com.co\/#\/schema\/logo\/image\/","url":"https:\/\/oralaser.com.co\/wp-content\/uploads\/2024\/07\/ORAL-LASER-1.png","contentUrl":"https:\/\/oralaser.com.co\/wp-content\/uploads\/2024\/07\/ORAL-LASER-1.png","width":518,"height":538,"caption":"Oral laser"},"image":{"@id":"https:\/\/oralaser.com.co\/#\/schema\/logo\/image\/"}}]}},"_links":{"self":[{"href":"https:\/\/oralaser.com.co\/en\/wp-json\/wp\/v2\/pages\/34","targetHints":{"allow":["GET"]}}],"collection":[{"href":"https:\/\/oralaser.com.co\/en\/wp-json\/wp\/v2\/pages"}],"about":[{"href":"https:\/\/oralaser.com.co\/en\/wp-json\/wp\/v2\/types\/page"}],"author":[{"embeddable":true,"href":"https:\/\/oralaser.com.co\/en\/wp-json\/wp\/v2\/users\/1"}],"replies":[{"embeddable":true,"href":"https:\/\/oralaser.com.co\/en\/wp-json\/wp\/v2\/comments?post=34"}],"version-history":[{"count":11,"href":"https:\/\/oralaser.com.co\/en\/wp-json\/wp\/v2\/pages\/34\/revisions"}],"predecessor-version":[{"id":1627,"href":"https:\/\/oralaser.com.co\/en\/wp-json\/wp\/v2\/pages\/34\/revisions\/1627"}],"wp:attachment":[{"href":"https:\/\/oralaser.com.co\/en\/wp-json\/wp\/v2\/media?parent=34"}],"curies":[{"name":"wp","href":"https:\/\/api.w.org\/{rel}","templated":true}]}}