{"id":32,"date":"2024-07-24T15:21:02","date_gmt":"2024-07-24T20:21:02","guid":{"rendered":"https:\/\/oralaser.com.co\/?page_id=32"},"modified":"2025-02-06T16:50:52","modified_gmt":"2025-02-06T21:50:52","slug":"pqrs","status":"publish","type":"page","link":"https:\/\/oralaser.com.co\/en\/pqrs\/","title":{"rendered":"PQRS"},"content":{"rendered":"\t\t<div data-elementor-type=\"wp-page\" data-elementor-id=\"32\" class=\"elementor elementor-32\" data-elementor-settings=\"{&quot;ha_cmc_init_switcher&quot;:&quot;no&quot;}\" data-elementor-post-type=\"page\">\n\t\t\t\t\t\t<section class=\"elementor-section elementor-top-section elementor-element elementor-element-afdd0ce elementor-section-full_width elementor-section-height-default elementor-section-height-default\" data-id=\"afdd0ce\" data-element_type=\"section\" data-e-type=\"section\" data-settings=\"{&quot;jet_parallax_layout_list&quot;:[],&quot;background_background&quot;:&quot;classic&quot;,&quot;_ha_eqh_enable&quot;:false}\">\n\t\t\t\t\t\t<div class=\"elementor-container elementor-column-gap-default\">\n\t\t\t\t\t<div class=\"elementor-column elementor-col-100 elementor-top-column elementor-element elementor-element-1c3111c\" data-id=\"1c3111c\" data-element_type=\"column\" data-e-type=\"column\">\n\t\t\t<div class=\"elementor-widget-wrap elementor-element-populated\">\n\t\t\t\t\t\t<div class=\"elementor-element elementor-element-4c5852d elementor-widget elementor-widget-heading\" data-id=\"4c5852d\" data-element_type=\"widget\" data-e-type=\"widget\" data-widget_type=\"heading.default\">\n\t\t\t\t<div class=\"elementor-widget-container\">\n\t\t\t\t\t<h2 class=\"elementor-heading-title elementor-size-default\">PQRS<\/h2>\t\t\t\t<\/div>\n\t\t\t\t<\/div>\n\t\t\t\t\t<\/div>\n\t\t<\/div>\n\t\t\t\t\t<\/div>\n\t\t<\/section>\n\t\t\t\t<section class=\"elementor-section elementor-top-section elementor-element elementor-element-c477d69 elementor-section-boxed elementor-section-height-default elementor-section-height-default\" data-id=\"c477d69\" data-element_type=\"section\" data-e-type=\"section\" data-settings=\"{&quot;jet_parallax_layout_list&quot;:[],&quot;_ha_eqh_enable&quot;:false}\">\n\t\t\t\t\t\t<div class=\"elementor-container elementor-column-gap-default\">\n\t\t\t\t\t<div class=\"elementor-column elementor-col-100 elementor-top-column elementor-element elementor-element-e130bdb\" data-id=\"e130bdb\" data-element_type=\"column\" data-e-type=\"column\">\n\t\t\t<div class=\"elementor-widget-wrap elementor-element-populated\">\n\t\t\t\t\t\t<div class=\"elementor-element elementor-element-aa6ef9d elementor-widget elementor-widget-text-editor\" data-id=\"aa6ef9d\" data-element_type=\"widget\" data-e-type=\"widget\" data-widget_type=\"text-editor.default\">\n\t\t\t\t<div class=\"elementor-widget-container\">\n\t\t\t\t\t\t\t\t\t<p><strong>En Oral L\u00e1ser transformamos sonrisas.<\/strong><br \/><br \/>Nos encantar\u00eda <strong>conocer tu opini\u00f3n<\/strong> y ofrecerte un servicio que haga tu <strong>experiencia agradable.<\/strong> Recuerda que <strong>tus comentarios son muy importantes para nosotros.<\/strong><\/p>\t\t\t\t\t\t\t\t<\/div>\n\t\t\t\t<\/div>\n\t\t\t\t\t<\/div>\n\t\t<\/div>\n\t\t\t\t\t<\/div>\n\t\t<\/section>\n\t\t\t\t<section class=\"elementor-section elementor-top-section elementor-element elementor-element-665350b elementor-section-boxed elementor-section-height-default elementor-section-height-default\" data-id=\"665350b\" data-element_type=\"section\" data-e-type=\"section\" data-settings=\"{&quot;jet_parallax_layout_list&quot;:[],&quot;_ha_eqh_enable&quot;:false}\">\n\t\t\t\t\t\t<div class=\"elementor-container elementor-column-gap-wider\">\n\t\t\t\t\t<div class=\"elementor-column elementor-col-100 elementor-top-column elementor-element elementor-element-92ef4cb\" data-id=\"92ef4cb\" data-element_type=\"column\" data-e-type=\"column\">\n\t\t\t<div class=\"elementor-widget-wrap elementor-element-populated\">\n\t\t\t\t\t\t<div class=\"elementor-element elementor-element-4fde1d9 elementor-widget elementor-widget-heading\" data-id=\"4fde1d9\" data-element_type=\"widget\" data-e-type=\"widget\" data-widget_type=\"heading.default\">\n\t\t\t\t<div class=\"elementor-widget-container\">\n\t\t\t\t\t<h2 class=\"elementor-heading-title elementor-size-default\">FORMULARIO<\/h2>\t\t\t\t<\/div>\n\t\t\t\t<\/div>\n\t\t\t\t<div class=\"elementor-element elementor-element-a2f6192 elementor-button-align-center elementor-widget elementor-widget-form\" data-id=\"a2f6192\" data-element_type=\"widget\" data-e-type=\"widget\" data-settings=\"{&quot;step_next_label&quot;:&quot;Next&quot;,&quot;step_previous_label&quot;:&quot;Previous&quot;,&quot;button_width&quot;:&quot;100&quot;,&quot;step_type&quot;:&quot;number_text&quot;,&quot;step_icon_shape&quot;:&quot;circle&quot;}\" data-widget_type=\"form.default\">\n\t\t\t\t<div class=\"elementor-widget-container\">\n\t\t\t\t\t\t\t<form class=\"elementor-form\" method=\"post\" name=\"New Form\">\n\t\t\t<input type=\"hidden\" name=\"post_id\" value=\"32\"\/>\n\t\t\t<input type=\"hidden\" name=\"form_id\" value=\"a2f6192\"\/>\n\t\t\t<input type=\"hidden\" name=\"referer_title\" value=\"PQRS - Oral laser\" \/>\n\n\t\t\t\t\t\t\t<input type=\"hidden\" name=\"queried_id\" value=\"32\"\/>\n\t\t\t\n\t\t\t<div class=\"elementor-form-fields-wrapper elementor-labels-above\">\n\t\t\t\t\t\t\t\t<div class=\"elementor-field-type-text elementor-field-group elementor-column elementor-field-group-name elementor-col-50 elementor-field-required elementor-mark-required\">\n\t\t\t\t\t\t\t\t\t\t\t\t<label for=\"form-field-name\" class=\"elementor-field-label\">\n\t\t\t\t\t\t\t\tNombre\t\t\t\t\t\t\t<\/label>\n\t\t\t\t\t\t\t\t\t\t\t\t\t\t<input size=\"1\" type=\"text\" name=\"form_fields[name]\" id=\"form-field-name\" class=\"elementor-field elementor-size-sm  elementor-field-textual\" required=\"required\">\n\t\t\t\t\t\t\t\t\t\t\t<\/div>\n\t\t\t\t\t\t\t\t<div class=\"elementor-field-type-text elementor-field-group elementor-column elementor-field-group-field_8ed2890 elementor-col-50 elementor-field-required elementor-mark-required\">\n\t\t\t\t\t\t\t\t\t\t\t\t<label for=\"form-field-field_8ed2890\" class=\"elementor-field-label\">\n\t\t\t\t\t\t\t\tApellido\t\t\t\t\t\t\t<\/label>\n\t\t\t\t\t\t\t\t\t\t\t\t\t\t<input size=\"1\" type=\"text\" name=\"form_fields[field_8ed2890]\" id=\"form-field-field_8ed2890\" class=\"elementor-field elementor-size-sm  elementor-field-textual\" required=\"required\">\n\t\t\t\t\t\t\t\t\t\t\t<\/div>\n\t\t\t\t\t\t\t\t<div class=\"elementor-field-type-tel elementor-field-group elementor-column elementor-field-group-field_1361318 elementor-col-50 elementor-field-required elementor-mark-required\">\n\t\t\t\t\t\t\t\t\t\t\t\t<label for=\"form-field-field_1361318\" class=\"elementor-field-label\">\n\t\t\t\t\t\t\t\tCelular\t\t\t\t\t\t\t<\/label>\n\t\t\t\t\t\t\t\t<input size=\"1\" type=\"tel\" name=\"form_fields[field_1361318]\" id=\"form-field-field_1361318\" class=\"elementor-field elementor-size-sm  elementor-field-textual\" required=\"required\" pattern=\"[0-9()#&amp;+*-=.]+\" title=\"Only numbers and phone characters (#, -, *, etc) are accepted.\">\n\n\t\t\t\t\t\t<\/div>\n\t\t\t\t\t\t\t\t<div class=\"elementor-field-type-email elementor-field-group elementor-column elementor-field-group-email elementor-col-50 elementor-field-required elementor-mark-required\">\n\t\t\t\t\t\t\t\t\t\t\t\t<label for=\"form-field-email\" class=\"elementor-field-label\">\n\t\t\t\t\t\t\t\tEmail\t\t\t\t\t\t\t<\/label>\n\t\t\t\t\t\t\t\t\t\t\t\t\t\t<input size=\"1\" type=\"email\" name=\"form_fields[email]\" id=\"form-field-email\" class=\"elementor-field elementor-size-sm  elementor-field-textual\" required=\"required\">\n\t\t\t\t\t\t\t\t\t\t\t<\/div>\n\t\t\t\t\t\t\t\t<div class=\"elementor-field-type-text elementor-field-group elementor-column elementor-field-group-message elementor-col-100 elementor-field-required elementor-mark-required\">\n\t\t\t\t\t\t\t\t\t\t\t\t<label for=\"form-field-message\" class=\"elementor-field-label\">\n\t\t\t\t\t\t\t\tAsunto\t\t\t\t\t\t\t<\/label>\n\t\t\t\t\t\t\t\t\t\t\t\t\t\t<input size=\"1\" type=\"text\" name=\"form_fields[message]\" id=\"form-field-message\" class=\"elementor-field elementor-size-sm  elementor-field-textual\" required=\"required\">\n\t\t\t\t\t\t\t\t\t\t\t<\/div>\n\t\t\t\t\t\t\t\t<div class=\"elementor-field-type-textarea elementor-field-group elementor-column elementor-field-group-field_637acd7 elementor-col-100 elementor-field-required elementor-mark-required\">\n\t\t\t\t\t\t\t\t\t\t\t\t<label for=\"form-field-field_637acd7\" class=\"elementor-field-label\">\n\t\t\t\t\t\t\t\tMensaje\t\t\t\t\t\t\t<\/label>\n\t\t\t\t\t\t<textarea class=\"elementor-field-textual elementor-field  elementor-size-sm\" name=\"form_fields[field_637acd7]\" id=\"form-field-field_637acd7\" rows=\"2\" required=\"required\"><\/textarea>\t\t\t\t<\/div>\n\t\t\t\t\t\t\t\t<div class=\"elementor-field-type-recaptcha_v3 elementor-field-group elementor-column elementor-field-group-field_005f0b1 elementor-col-100 recaptcha_v3-bottomright\">\n\t\t\t\t\t<div class=\"elementor-field\" id=\"form-field-field_005f0b1\"><div class=\"elementor-g-recaptcha\" data-sitekey=\"6Lf8rLQpAAAAAJvKeLvlKvPSNERDiG6Q2lHBswxr\" data-type=\"v3\" data-action=\"Form\" data-badge=\"bottomright\" data-size=\"invisible\"><\/div><\/div>\t\t\t\t<\/div>\n\t\t\t\t\t\t\t\t<div class=\"elementor-field-type-recaptcha_v3 elementor-field-group elementor-column elementor-field-group-field_949506b elementor-col-100 recaptcha_v3-inline\">\n\t\t\t\t\t<div class=\"elementor-field\" id=\"form-field-field_949506b\"><div class=\"elementor-g-recaptcha\" data-sitekey=\"6Lf8rLQpAAAAAJvKeLvlKvPSNERDiG6Q2lHBswxr\" data-type=\"v3\" data-action=\"Form\" data-badge=\"inline\" data-size=\"invisible\"><\/div><\/div>\t\t\t\t<\/div>\n\t\t\t\t\t\t\t\t<div class=\"elementor-field-group elementor-column elementor-field-type-submit elementor-col-100 e-form__buttons\">\n\t\t\t\t\t<button class=\"elementor-button elementor-size-sm\" type=\"submit\">\n\t\t\t\t\t\t<span class=\"elementor-button-content-wrapper\">\n\t\t\t\t\t\t\t\t\t\t\t\t\t\t\t\t\t\t\t\t\t\t<span class=\"elementor-button-text\">ENVIAR<\/span>\n\t\t\t\t\t\t\t\t\t\t\t\t\t<\/span>\n\t\t\t\t\t<\/button>\n\t\t\t\t<\/div>\n\t\t\t<\/div>\n\t\t<\/form>\n\t\t\t\t\t\t<\/div>\n\t\t\t\t<\/div>\n\t\t\t\t\t<\/div>\n\t\t<\/div>\n\t\t\t\t\t<\/div>\n\t\t<\/section>\n\t\t\t\t<\/div>\n\t\t","protected":false},"excerpt":{"rendered":"<p>PQRS En Oral L\u00e1ser transformamos sonrisas. Nos encantar\u00eda conocer tu opini\u00f3n y ofrecerte un servicio que haga tu experiencia agradable. Recuerda que tus comentarios son muy importantes para nosotros. FORMULARIO<\/p>","protected":false},"author":1,"featured_media":0,"parent":0,"menu_order":0,"comment_status":"closed","ping_status":"closed","template":"","meta":{"footnotes":""},"class_list":["post-32","page","type-page","status-publish","hentry"],"yoast_head":"<!-- This site is optimized with the Yoast SEO plugin v27.3 - https:\/\/yoast.com\/product\/yoast-seo-wordpress\/ -->\n<title>PQRS - Oral laser<\/title>\n<meta name=\"description\" content=\"En Oral L\u00e1ser, valoramos tu opini\u00f3n. Completa nuestro formulario de PQRS para compartir tus comentarios, sugerencias o inquietudes.\" \/>\n<meta name=\"robots\" content=\"index, follow, max-snippet:-1, max-image-preview:large, max-video-preview:-1\" \/>\n<link rel=\"canonical\" href=\"https:\/\/oralaser.com.co\/en\/pqrs\/\" \/>\n<meta property=\"og:locale\" content=\"en_US\" \/>\n<meta property=\"og:type\" content=\"article\" \/>\n<meta property=\"og:title\" content=\"PQRS - Oral laser\" \/>\n<meta property=\"og:description\" content=\"En Oral L\u00e1ser, valoramos tu opini\u00f3n. Completa nuestro formulario de PQRS para compartir tus comentarios, sugerencias o inquietudes.\" \/>\n<meta property=\"og:url\" content=\"https:\/\/oralaser.com.co\/en\/pqrs\/\" \/>\n<meta property=\"og:site_name\" content=\"Oral laser\" \/>\n<meta property=\"article:modified_time\" content=\"2025-02-06T21:50:52+00:00\" \/>\n<meta name=\"twitter:card\" content=\"summary_large_image\" \/>\n<meta name=\"twitter:label1\" content=\"Est. reading time\" \/>\n\t<meta name=\"twitter:data1\" content=\"1 minute\" \/>\n<script type=\"application\/ld+json\" class=\"yoast-schema-graph\">{\"@context\":\"https:\\\/\\\/schema.org\",\"@graph\":[{\"@type\":\"WebPage\",\"@id\":\"https:\\\/\\\/oralaser.com.co\\\/pqrs\\\/\",\"url\":\"https:\\\/\\\/oralaser.com.co\\\/pqrs\\\/\",\"name\":\"PQRS - Oral laser\",\"isPartOf\":{\"@id\":\"https:\\\/\\\/oralaser.com.co\\\/#website\"},\"datePublished\":\"2024-07-24T20:21:02+00:00\",\"dateModified\":\"2025-02-06T21:50:52+00:00\",\"description\":\"En Oral L\u00e1ser, valoramos tu opini\u00f3n. Completa nuestro formulario de PQRS para compartir tus comentarios, sugerencias o inquietudes.\",\"breadcrumb\":{\"@id\":\"https:\\\/\\\/oralaser.com.co\\\/pqrs\\\/#breadcrumb\"},\"inLanguage\":\"en-US\",\"potentialAction\":[{\"@type\":\"ReadAction\",\"target\":[\"https:\\\/\\\/oralaser.com.co\\\/pqrs\\\/\"]}]},{\"@type\":\"BreadcrumbList\",\"@id\":\"https:\\\/\\\/oralaser.com.co\\\/pqrs\\\/#breadcrumb\",\"itemListElement\":[{\"@type\":\"ListItem\",\"position\":1,\"name\":\"Inicio\",\"item\":\"https:\\\/\\\/oralaser.com.co\\\/\"},{\"@type\":\"ListItem\",\"position\":2,\"name\":\"PQRS\"}]},{\"@type\":\"WebSite\",\"@id\":\"https:\\\/\\\/oralaser.com.co\\\/#website\",\"url\":\"https:\\\/\\\/oralaser.com.co\\\/\",\"name\":\"Oral laser\",\"description\":\"\",\"publisher\":{\"@id\":\"https:\\\/\\\/oralaser.com.co\\\/#organization\"},\"potentialAction\":[{\"@type\":\"SearchAction\",\"target\":{\"@type\":\"EntryPoint\",\"urlTemplate\":\"https:\\\/\\\/oralaser.com.co\\\/?s={search_term_string}\"},\"query-input\":{\"@type\":\"PropertyValueSpecification\",\"valueRequired\":true,\"valueName\":\"search_term_string\"}}],\"inLanguage\":\"en-US\"},{\"@type\":\"Organization\",\"@id\":\"https:\\\/\\\/oralaser.com.co\\\/#organization\",\"name\":\"Oral laser\",\"url\":\"https:\\\/\\\/oralaser.com.co\\\/\",\"logo\":{\"@type\":\"ImageObject\",\"inLanguage\":\"en-US\",\"@id\":\"https:\\\/\\\/oralaser.com.co\\\/#\\\/schema\\\/logo\\\/image\\\/\",\"url\":\"https:\\\/\\\/oralaser.com.co\\\/wp-content\\\/uploads\\\/2024\\\/07\\\/ORAL-LASER-1.png\",\"contentUrl\":\"https:\\\/\\\/oralaser.com.co\\\/wp-content\\\/uploads\\\/2024\\\/07\\\/ORAL-LASER-1.png\",\"width\":518,\"height\":538,\"caption\":\"Oral laser\"},\"image\":{\"@id\":\"https:\\\/\\\/oralaser.com.co\\\/#\\\/schema\\\/logo\\\/image\\\/\"}}]}<\/script>\n<!-- \/ Yoast SEO plugin. -->","yoast_head_json":{"title":"PQRS - Oral laser","description":"En Oral L\u00e1ser, valoramos tu opini\u00f3n. Completa nuestro formulario de PQRS para compartir tus comentarios, sugerencias o inquietudes.","robots":{"index":"index","follow":"follow","max-snippet":"max-snippet:-1","max-image-preview":"max-image-preview:large","max-video-preview":"max-video-preview:-1"},"canonical":"https:\/\/oralaser.com.co\/en\/pqrs\/","og_locale":"en_US","og_type":"article","og_title":"PQRS - Oral laser","og_description":"En Oral L\u00e1ser, valoramos tu opini\u00f3n. Completa nuestro formulario de PQRS para compartir tus comentarios, sugerencias o inquietudes.","og_url":"https:\/\/oralaser.com.co\/en\/pqrs\/","og_site_name":"Oral laser","article_modified_time":"2025-02-06T21:50:52+00:00","twitter_card":"summary_large_image","twitter_misc":{"Est. reading time":"1 minute"},"schema":{"@context":"https:\/\/schema.org","@graph":[{"@type":"WebPage","@id":"https:\/\/oralaser.com.co\/pqrs\/","url":"https:\/\/oralaser.com.co\/pqrs\/","name":"PQRS - Oral laser","isPartOf":{"@id":"https:\/\/oralaser.com.co\/#website"},"datePublished":"2024-07-24T20:21:02+00:00","dateModified":"2025-02-06T21:50:52+00:00","description":"En Oral L\u00e1ser, valoramos tu opini\u00f3n. Completa nuestro formulario de PQRS para compartir tus comentarios, sugerencias o inquietudes.","breadcrumb":{"@id":"https:\/\/oralaser.com.co\/pqrs\/#breadcrumb"},"inLanguage":"en-US","potentialAction":[{"@type":"ReadAction","target":["https:\/\/oralaser.com.co\/pqrs\/"]}]},{"@type":"BreadcrumbList","@id":"https:\/\/oralaser.com.co\/pqrs\/#breadcrumb","itemListElement":[{"@type":"ListItem","position":1,"name":"Inicio","item":"https:\/\/oralaser.com.co\/"},{"@type":"ListItem","position":2,"name":"PQRS"}]},{"@type":"WebSite","@id":"https:\/\/oralaser.com.co\/#website","url":"https:\/\/oralaser.com.co\/","name":"Oral laser","description":"","publisher":{"@id":"https:\/\/oralaser.com.co\/#organization"},"potentialAction":[{"@type":"SearchAction","target":{"@type":"EntryPoint","urlTemplate":"https:\/\/oralaser.com.co\/?s={search_term_string}"},"query-input":{"@type":"PropertyValueSpecification","valueRequired":true,"valueName":"search_term_string"}}],"inLanguage":"en-US"},{"@type":"Organization","@id":"https:\/\/oralaser.com.co\/#organization","name":"Oral laser","url":"https:\/\/oralaser.com.co\/","logo":{"@type":"ImageObject","inLanguage":"en-US","@id":"https:\/\/oralaser.com.co\/#\/schema\/logo\/image\/","url":"https:\/\/oralaser.com.co\/wp-content\/uploads\/2024\/07\/ORAL-LASER-1.png","contentUrl":"https:\/\/oralaser.com.co\/wp-content\/uploads\/2024\/07\/ORAL-LASER-1.png","width":518,"height":538,"caption":"Oral laser"},"image":{"@id":"https:\/\/oralaser.com.co\/#\/schema\/logo\/image\/"}}]}},"_links":{"self":[{"href":"https:\/\/oralaser.com.co\/en\/wp-json\/wp\/v2\/pages\/32","targetHints":{"allow":["GET"]}}],"collection":[{"href":"https:\/\/oralaser.com.co\/en\/wp-json\/wp\/v2\/pages"}],"about":[{"href":"https:\/\/oralaser.com.co\/en\/wp-json\/wp\/v2\/types\/page"}],"author":[{"embeddable":true,"href":"https:\/\/oralaser.com.co\/en\/wp-json\/wp\/v2\/users\/1"}],"replies":[{"embeddable":true,"href":"https:\/\/oralaser.com.co\/en\/wp-json\/wp\/v2\/comments?post=32"}],"version-history":[{"count":19,"href":"https:\/\/oralaser.com.co\/en\/wp-json\/wp\/v2\/pages\/32\/revisions"}],"predecessor-version":[{"id":1474,"href":"https:\/\/oralaser.com.co\/en\/wp-json\/wp\/v2\/pages\/32\/revisions\/1474"}],"wp:attachment":[{"href":"https:\/\/oralaser.com.co\/en\/wp-json\/wp\/v2\/media?parent=32"}],"curies":[{"name":"wp","href":"https:\/\/api.w.org\/{rel}","templated":true}]}}