{"id":28,"date":"2024-07-24T15:19:45","date_gmt":"2024-07-24T20:19:45","guid":{"rendered":"https:\/\/oralaser.com.co\/?page_id=28"},"modified":"2025-02-18T09:58:44","modified_gmt":"2025-02-18T14:58:44","slug":"urgencias-24h","status":"publish","type":"page","link":"https:\/\/oralaser.com.co\/en\/urgencias-24h\/","title":{"rendered":"24H Emergencies"},"content":{"rendered":"<div data-elementor-type=\"wp-page\" data-elementor-id=\"28\" class=\"elementor elementor-28\" data-elementor-settings=\"{&quot;ha_cmc_init_switcher&quot;:&quot;no&quot;}\" data-elementor-post-type=\"page\">\n\t\t\t\t\t\t<section class=\"elementor-section elementor-top-section elementor-element elementor-element-453929e7 elementor-section-height-full elementor-section-boxed elementor-section-height-default elementor-section-items-middle\" data-id=\"453929e7\" data-element_type=\"section\" data-e-type=\"section\" data-settings=\"{&quot;background_background&quot;:&quot;gradient&quot;,&quot;jet_parallax_layout_list&quot;:[],&quot;_ha_eqh_enable&quot;:false}\">\n\t\t\t\t\t\t<div class=\"elementor-container elementor-column-gap-no\">\n\t\t\t\t\t<div class=\"elementor-column elementor-col-50 elementor-top-column elementor-element elementor-element-44ff6f56\" data-id=\"44ff6f56\" data-element_type=\"column\" data-e-type=\"column\">\n\t\t\t<div class=\"elementor-widget-wrap elementor-element-populated\">\n\t\t\t\t\t\t<div class=\"elementor-element elementor-element-6c77e11e elementor-widget elementor-widget-heading\" data-id=\"6c77e11e\" data-element_type=\"widget\" data-e-type=\"widget\" data-widget_type=\"heading.default\">\n\t\t\t\t<div class=\"elementor-widget-container\">\n\t\t\t\t\t<h2 class=\"elementor-heading-title elementor-size-default\">Dental<br>\nemergencies<\/h2>\t\t\t\t<\/div>\n\t\t\t\t<\/div>\n\t\t\t\t<div class=\"elementor-element elementor-element-5199f3fd elementor-widget elementor-widget-heading\" data-id=\"5199f3fd\" data-element_type=\"widget\" data-e-type=\"widget\" data-widget_type=\"heading.default\">\n\t\t\t\t<div class=\"elementor-widget-container\">\n\t\t\t\t\t<h2 class=\"elementor-heading-title elementor-size-default\">24 hours<\/h2>\t\t\t\t<\/div>\n\t\t\t\t<\/div>\n\t\t\t\t<div class=\"elementor-element elementor-element-3dc46cbb elementor-widget elementor-widget-heading\" data-id=\"3dc46cbb\" data-element_type=\"widget\" data-e-type=\"widget\" data-widget_type=\"heading.default\">\n\t\t\t\t<div class=\"elementor-widget-container\">\n\t\t\t\t\t<h2 class=\"elementor-heading-title elementor-size-default\">With on-site dentist<\/h2>\t\t\t\t<\/div>\n\t\t\t\t<\/div>\n\t\t\t\t<div class=\"elementor-element elementor-element-e266b7c elementor-align-left elementor-widget elementor-widget-button\" data-id=\"e266b7c\" data-element_type=\"widget\" data-e-type=\"widget\" data-widget_type=\"button.default\">\n\t\t\t\t<div class=\"elementor-widget-container\">\n\t\t\t\t\t\t\t\t\t<div class=\"elementor-button-wrapper\">\n\t\t\t\t\t<a class=\"elementor-button elementor-button-link elementor-size-sm\" href=\"https:\/\/api.whatsapp.com\/send\/?phone=573107167086&#038;text=%C2%A1Hola%21%2C+Vengo+desde+el+sitio+web%2C+quiero+agendar+una+cita.&#038;type=phone_number&#038;app_absent=0\" target=\"_blank\" rel=\"nofollow\">\n\t\t\t\t\t\t<span class=\"elementor-button-content-wrapper\">\n\t\t\t\t\t\t\t\t\t<span class=\"elementor-button-text\">Contact us now!<\/span>\n\t\t\t\t\t<\/span>\n\t\t\t\t\t<\/a>\n\t\t\t\t<\/div>\n\t\t\t\t\t\t\t\t<\/div>\n\t\t\t\t<\/div>\n\t\t\t\t\t<\/div>\n\t\t<\/div>\n\t\t\t\t<div class=\"elementor-column elementor-col-50 elementor-top-column elementor-element elementor-element-30789bcd\" data-id=\"30789bcd\" data-element_type=\"column\" data-e-type=\"column\">\n\t\t\t<div class=\"elementor-widget-wrap elementor-element-populated\">\n\t\t\t\t\t\t<div class=\"elementor-element elementor-element-62f0a317 ha-css-transform-yes elementor-widget elementor-widget-gallery\" data-id=\"62f0a317\" data-element_type=\"widget\" data-e-type=\"widget\" data-settings=\"{&quot;gallery_layout&quot;:&quot;masonry&quot;,&quot;columns&quot;:2,&quot;columns_mobile&quot;:2,&quot;lazyload&quot;:&quot;yes&quot;,&quot;columns_tablet&quot;:2,&quot;gap&quot;:{&quot;unit&quot;:&quot;px&quot;,&quot;size&quot;:10,&quot;sizes&quot;:[]},&quot;gap_tablet&quot;:{&quot;unit&quot;:&quot;px&quot;,&quot;size&quot;:10,&quot;sizes&quot;:[]},&quot;gap_mobile&quot;:{&quot;unit&quot;:&quot;px&quot;,&quot;size&quot;:10,&quot;sizes&quot;:[]},&quot;content_hover_animation&quot;:&quot;fade-in&quot;}\" data-widget_type=\"gallery.default\">\n\t\t\t\t<div class=\"elementor-widget-container\">\n\t\t\t\t\t\t\t<div class=\"elementor-gallery__container\">\n\t\t\t\t\t\t\t<div class=\"e-gallery-item elementor-gallery-item elementor-animated-content\">\n\t\t\t\t\t<div class=\"e-gallery-image elementor-gallery-item__image\" data-thumbnail=\"https:\/\/oralaser.com.co\/wp-content\/uploads\/2024\/07\/Mesa-de-trabajo-146-copia-2@150x-8-1.png\" data-width=\"318\" data-height=\"185\" aria-label=\"\" role=\"img\" ><\/div>\n\t\t\t\t\t\t\t\t\t\t\t\t\t\t<\/div>\n\t\t\t\t\t\t\t<div class=\"e-gallery-item elementor-gallery-item elementor-animated-content\">\n\t\t\t\t\t<div class=\"e-gallery-image elementor-gallery-item__image\" data-thumbnail=\"https:\/\/oralaser.com.co\/wp-content\/uploads\/2024\/07\/Mesa-de-trabajo-146@150x-8-1.png\" data-width=\"322\" data-height=\"598\" aria-label=\"\" role=\"img\" ><\/div>\n\t\t\t\t\t\t\t\t\t\t\t\t\t\t<\/div>\n\t\t\t\t\t\t\t<div class=\"e-gallery-item elementor-gallery-item elementor-animated-content\">\n\t\t\t\t\t<div class=\"e-gallery-image elementor-gallery-item__image\" data-thumbnail=\"https:\/\/oralaser.com.co\/wp-content\/uploads\/2024\/07\/Mesa-de-trabajo-146-copia@150x-8-1.png\" data-width=\"318\" data-height=\"399\" aria-label=\"\" role=\"img\" ><\/div>\n\t\t\t\t\t\t\t\t\t\t\t\t\t\t<\/div>\n\t\t\t\t\t<\/div>\n\t\t\t\t\t<\/div>\n\t\t\t\t<\/div>\n\t\t\t\t<div class=\"elementor-element elementor-element-a6556ed elementor-widget elementor-widget-spacer\" data-id=\"a6556ed\" data-element_type=\"widget\" data-e-type=\"widget\" data-widget_type=\"spacer.default\">\n\t\t\t\t<div class=\"elementor-widget-container\">\n\t\t\t\t\t\t\t<div class=\"elementor-spacer\">\n\t\t\t<div class=\"elementor-spacer-inner\"><\/div>\n\t\t<\/div>\n\t\t\t\t\t\t<\/div>\n\t\t\t\t<\/div>\n\t\t\t\t\t<\/div>\n\t\t<\/div>\n\t\t\t\t\t<\/div>\n\t\t<\/section>\n\t\t\t\t<section class=\"elementor-section elementor-top-section elementor-element elementor-element-c14f8ab elementor-section-boxed elementor-section-height-default elementor-section-height-default\" data-id=\"c14f8ab\" data-element_type=\"section\" data-e-type=\"section\" data-settings=\"{&quot;jet_parallax_layout_list&quot;:[],&quot;background_background&quot;:&quot;classic&quot;,&quot;_ha_eqh_enable&quot;:false}\">\n\t\t\t\t\t\t<div class=\"elementor-container elementor-column-gap-default\">\n\t\t\t\t\t<div class=\"elementor-column elementor-col-50 elementor-top-column elementor-element elementor-element-1258c68\" data-id=\"1258c68\" data-element_type=\"column\" data-e-type=\"column\">\n\t\t\t<div class=\"elementor-widget-wrap elementor-element-populated\">\n\t\t\t\t\t\t<div class=\"elementor-element elementor-element-4847ac7 elementor-widget elementor-widget-text-editor\" data-id=\"4847ac7\" data-element_type=\"widget\" data-e-type=\"widget\" data-widget_type=\"text-editor.default\">\n\t\t\t\t<div class=\"elementor-widget-container\">\n\t\t\t\t\t\t\t\t\t<p>We know that an <strong>emergency can happen at any time,<\/strong> that's why at Oral Laser we have specialists authorized to treat <strong>patients 24 hours a day, 365 days a year,<\/strong> including Saturdays, Sundays and holidays.<\/p>\t\t\t\t\t\t\t\t<\/div>\n\t\t\t\t<\/div>\n\t\t\t\t<div class=\"elementor-element elementor-element-ba6eb60 elementor-align-left elementor-widget elementor-widget-button\" data-id=\"ba6eb60\" data-element_type=\"widget\" data-e-type=\"widget\" data-widget_type=\"button.default\">\n\t\t\t\t<div class=\"elementor-widget-container\">\n\t\t\t\t\t\t\t\t\t<div class=\"elementor-button-wrapper\">\n\t\t\t\t\t<a class=\"elementor-button elementor-button-link elementor-size-sm\" href=\"https:\/\/www.youtube.com\/watch?v=YUQvxT9pqVY\" target=\"_blank\" rel=\"nofollow\">\n\t\t\t\t\t\t<span class=\"elementor-button-content-wrapper\">\n\t\t\t\t\t\t<span class=\"elementor-button-icon\">\n\t\t\t\t<svg aria-hidden=\"true\" class=\"e-font-icon-svg e-fas-angle-right\" viewbox=\"0 0 256 512\" xmlns=\"http:\/\/www.w3.org\/2000\/svg\"><path d=\"M224.3 273l-136 136c-9.4 9.4-24.6 9.4-33.9 0l-22.6-22.6c-9.4-9.4-9.4-24.6 0-33.9l96.4-96.4-96.4-96.4c-9.4-9.4-9.4-24.6 0-33.9L54.3 103c9.4-9.4 24.6-9.4 33.9 0l136 136c9.5 9.4 9.5 24.6.1 34z\"><\/path><\/svg>\t\t\t<\/span>\n\t\t\t\t\t\t\t\t\t<span class=\"elementor-button-text\">Click to view<\/span>\n\t\t\t\t\t<\/span>\n\t\t\t\t\t<\/a>\n\t\t\t\t<\/div>\n\t\t\t\t\t\t\t\t<\/div>\n\t\t\t\t<\/div>\n\t\t\t\t\t<\/div>\n\t\t<\/div>\n\t\t\t\t<div class=\"elementor-column elementor-col-50 elementor-top-column elementor-element elementor-element-f12acbc\" data-id=\"f12acbc\" data-element_type=\"column\" data-e-type=\"column\">\n\t\t\t<div class=\"elementor-widget-wrap elementor-element-populated\">\n\t\t\t\t\t\t<div class=\"elementor-element elementor-element-dc89ffd elementor-widget elementor-widget-video\" data-id=\"dc89ffd\" data-element_type=\"widget\" data-e-type=\"widget\" data-settings=\"{&quot;youtube_url&quot;:&quot;https:\\\/\\\/www.youtube.com\\\/watch?v=YUQvxT9pqVY&quot;,&quot;show_image_overlay&quot;:&quot;yes&quot;,&quot;image_overlay&quot;:{&quot;url&quot;:&quot;https:\\\/\\\/oralaser.com.co\\\/wp-content\\\/uploads\\\/2025\\\/02\\\/Portada-urgencias-24.jpg&quot;,&quot;id&quot;:1723,&quot;size&quot;:&quot;&quot;,&quot;alt&quot;:&quot;&quot;,&quot;source&quot;:&quot;library&quot;},&quot;video_type&quot;:&quot;youtube&quot;,&quot;controls&quot;:&quot;yes&quot;}\" data-widget_type=\"video.default\">\n\t\t\t\t<div class=\"elementor-widget-container\">\n\t\t\t\t\t\t\t<div class=\"elementor-wrapper elementor-open-inline\">\n\t\t\t<div class=\"elementor-video\"><\/div>\t\t\t\t<div class=\"elementor-custom-embed-image-overlay\" style=\"background-image: url(https:\/\/oralaser.com.co\/wp-content\/uploads\/2025\/02\/Portada-urgencias-24.jpg);\">\n\t\t\t\t\t\t\t\t\t\t\t\t\t\t\t\t<div class=\"elementor-custom-embed-play\" role=\"button\" aria-label=\"Reproducir v\u00eddeo\" tabindex=\"0\">\n\t\t\t\t\t\t\t<svg aria-hidden=\"true\" class=\"e-font-icon-svg e-eicon-play\" viewbox=\"0 0 1000 1000\" xmlns=\"http:\/\/www.w3.org\/2000\/svg\"><path d=\"M838 162C746 71 633 25 500 25 371 25 258 71 163 162 71 254 25 367 25 500 25 633 71 746 163 837 254 929 367 979 500 979 633 979 746 933 838 837 929 746 975 633 975 500 975 367 929 254 838 162M808 192C892 279 933 379 933 500 933 621 892 725 808 808 725 892 621 938 500 938 379 938 279 896 196 808 113 725 67 621 67 500 67 379 108 279 196 192 279 108 383 62 500 62 621 62 721 108 808 192M438 392V642L642 517 438 392Z\"><\/path><\/svg>\t\t\t\t\t\t<\/div>\n\t\t\t\t\t\t\t\t\t<\/div>\n\t\t\t\t\t<\/div>\n\t\t\t\t\t\t<\/div>\n\t\t\t\t<\/div>\n\t\t\t\t\t<\/div>\n\t\t<\/div>\n\t\t\t\t\t<\/div>\n\t\t<\/section>\n\t\t\t\t<section class=\"elementor-section elementor-top-section elementor-element elementor-element-c280341 elementor-section-boxed elementor-section-height-default elementor-section-height-default\" data-id=\"c280341\" data-element_type=\"section\" data-e-type=\"section\" data-settings=\"{&quot;jet_parallax_layout_list&quot;:[],&quot;_ha_eqh_enable&quot;:false}\">\n\t\t\t\t\t\t<div class=\"elementor-container elementor-column-gap-default\">\n\t\t\t\t\t<div class=\"elementor-column elementor-col-50 elementor-top-column elementor-element elementor-element-212d868\" data-id=\"212d868\" data-element_type=\"column\" data-e-type=\"column\">\n\t\t\t<div class=\"elementor-widget-wrap elementor-element-populated\">\n\t\t\t\t\t\t<div class=\"elementor-element elementor-element-cb83ea2 elementor-widget elementor-widget-heading\" data-id=\"cb83ea2\" data-element_type=\"widget\" data-e-type=\"widget\" data-widget_type=\"heading.default\">\n\t\t\t\t<div class=\"elementor-widget-container\">\n\t\t\t\t\t<h2 class=\"elementor-heading-title elementor-size-default\">Hours of operation<\/h2>\t\t\t\t<\/div>\n\t\t\t\t<\/div>\n\t\t\t\t<div class=\"elementor-element elementor-element-85daa71 elementor-widget elementor-widget-text-editor\" data-id=\"85daa71\" data-element_type=\"widget\" data-e-type=\"widget\" data-widget_type=\"text-editor.default\">\n\t\t\t\t<div class=\"elementor-widget-container\">\n\t\t\t\t\t\t\t\t\t<p>After 7:00 p.m. go to <strong>the Stomatology Unit,<\/strong> Calle 2 Sur No. 46 - 55 Medell\u00edn - Antioquia <strong>(inside the Las Vegas clinic - office 120).<\/strong><br \/><br \/>From 7:00 a.m. to 7:00 p.m. you will receive attention <strong>at any of our six locations.<\/strong><\/p>\t\t\t\t\t\t\t\t<\/div>\n\t\t\t\t<\/div>\n\t\t\t\t\t<\/div>\n\t\t<\/div>\n\t\t\t\t<div class=\"elementor-column elementor-col-50 elementor-top-column elementor-element elementor-element-3fb3431\" data-id=\"3fb3431\" data-element_type=\"column\" data-e-type=\"column\">\n\t\t\t<div class=\"elementor-widget-wrap elementor-element-populated\">\n\t\t\t\t\t\t<div class=\"elementor-element elementor-element-de6924f elementor-widget elementor-widget-heading\" data-id=\"de6924f\" data-element_type=\"widget\" data-e-type=\"widget\" data-widget_type=\"heading.default\">\n\t\t\t\t<div class=\"elementor-widget-container\">\n\t\t\t\t\t<h2 class=\"elementor-heading-title elementor-size-default\">Types of emergencies:<\/h2>\t\t\t\t<\/div>\n\t\t\t\t<\/div>\n\t\t\t\t<div class=\"elementor-element elementor-element-edbd19f elementor-widget elementor-widget-text-editor\" data-id=\"edbd19f\" data-element_type=\"widget\" data-e-type=\"widget\" data-widget_type=\"text-editor.default\">\n\t\t\t\t<div class=\"elementor-widget-container\">\n\t\t\t\t\t\t\t\t\t<ul><li>Toothache.<\/li><li>Tooth fracture.<\/li><li>Loss of a tooth.<\/li><li>Jaw fracture.<\/li><li>Partial or complete loss of the tooth.<\/li><li>Pain in the wisdom teeth.<\/li><li>Bleeding.<\/li><\/ul>\t\t\t\t\t\t\t\t<\/div>\n\t\t\t\t<\/div>\n\t\t\t\t\t<\/div>\n\t\t<\/div>\n\t\t\t\t\t<\/div>\n\t\t<\/section>\n\t\t\t\t<\/div>","protected":false},"excerpt":{"rendered":"<p>Urgencias odontol\u00f3gicas 24 horas Con odont\u00f3logo presencial \u00a1Cont\u00e1ctanos ahora! Sabemos que una urgencia puede suceder en cualquier momento, por eso en Oral L\u00e1ser contamos con especialistas autorizados para atender pacientes las 24 horas en Odontolog\u00eda sin cita previa los 365 d\u00edas al a\u00f1o, incluidos s\u00e1bados, domingos y festivos. Clic para ver Horarios de atenci\u00f3n Despu\u00e9s [&hellip;]<\/p>\n","protected":false},"author":1,"featured_media":0,"parent":0,"menu_order":0,"comment_status":"closed","ping_status":"closed","template":"","meta":{"footnotes":""},"class_list":["post-28","page","type-page","status-publish","hentry"],"yoast_head":"<!-- This site is optimized with the Yoast SEO plugin v27.3 - https:\/\/yoast.com\/product\/yoast-seo-wordpress\/ -->\n<title>Urgencias 24H - Oral laser<\/title>\n<meta name=\"description\" content=\"En Oral L\u00e1ser, ofrecemos urgencias odontol\u00f3gicas 24 horas en Medell\u00edn para atender dolor de muelas y otros problemas dentales urgentes.\" \/>\n<meta name=\"robots\" content=\"index, follow, max-snippet:-1, max-image-preview:large, max-video-preview:-1\" \/>\n<link rel=\"canonical\" href=\"https:\/\/oralaser.com.co\/en\/urgencias-24h\/\" \/>\n<meta property=\"og:locale\" content=\"en_US\" \/>\n<meta property=\"og:type\" content=\"article\" \/>\n<meta property=\"og:title\" content=\"Urgencias 24H - Oral laser\" \/>\n<meta property=\"og:description\" content=\"En Oral L\u00e1ser, ofrecemos urgencias odontol\u00f3gicas 24 horas en Medell\u00edn para atender dolor de muelas y otros problemas dentales urgentes.\" \/>\n<meta property=\"og:url\" content=\"https:\/\/oralaser.com.co\/en\/urgencias-24h\/\" \/>\n<meta property=\"og:site_name\" content=\"Oral laser\" \/>\n<meta property=\"article:modified_time\" content=\"2025-02-18T14:58:44+00:00\" \/>\n<meta name=\"twitter:card\" content=\"summary_large_image\" \/>\n<meta name=\"twitter:label1\" content=\"Est. reading time\" \/>\n\t<meta name=\"twitter:data1\" content=\"1 minute\" \/>\n<script type=\"application\/ld+json\" class=\"yoast-schema-graph\">{\"@context\":\"https:\\\/\\\/schema.org\",\"@graph\":[{\"@type\":\"WebPage\",\"@id\":\"https:\\\/\\\/oralaser.com.co\\\/urgencias-24h\\\/\",\"url\":\"https:\\\/\\\/oralaser.com.co\\\/urgencias-24h\\\/\",\"name\":\"Urgencias 24H - Oral laser\",\"isPartOf\":{\"@id\":\"https:\\\/\\\/oralaser.com.co\\\/#website\"},\"datePublished\":\"2024-07-24T20:19:45+00:00\",\"dateModified\":\"2025-02-18T14:58:44+00:00\",\"description\":\"En Oral L\u00e1ser, ofrecemos urgencias odontol\u00f3gicas 24 horas en Medell\u00edn para atender dolor de muelas y otros problemas dentales urgentes.\",\"breadcrumb\":{\"@id\":\"https:\\\/\\\/oralaser.com.co\\\/urgencias-24h\\\/#breadcrumb\"},\"inLanguage\":\"en-US\",\"potentialAction\":[{\"@type\":\"ReadAction\",\"target\":[\"https:\\\/\\\/oralaser.com.co\\\/urgencias-24h\\\/\"]}]},{\"@type\":\"BreadcrumbList\",\"@id\":\"https:\\\/\\\/oralaser.com.co\\\/urgencias-24h\\\/#breadcrumb\",\"itemListElement\":[{\"@type\":\"ListItem\",\"position\":1,\"name\":\"Inicio\",\"item\":\"https:\\\/\\\/oralaser.com.co\\\/\"},{\"@type\":\"ListItem\",\"position\":2,\"name\":\"Urgencias 24H\"}]},{\"@type\":\"WebSite\",\"@id\":\"https:\\\/\\\/oralaser.com.co\\\/#website\",\"url\":\"https:\\\/\\\/oralaser.com.co\\\/\",\"name\":\"Oral laser\",\"description\":\"\",\"publisher\":{\"@id\":\"https:\\\/\\\/oralaser.com.co\\\/#organization\"},\"potentialAction\":[{\"@type\":\"SearchAction\",\"target\":{\"@type\":\"EntryPoint\",\"urlTemplate\":\"https:\\\/\\\/oralaser.com.co\\\/?s={search_term_string}\"},\"query-input\":{\"@type\":\"PropertyValueSpecification\",\"valueRequired\":true,\"valueName\":\"search_term_string\"}}],\"inLanguage\":\"en-US\"},{\"@type\":\"Organization\",\"@id\":\"https:\\\/\\\/oralaser.com.co\\\/#organization\",\"name\":\"Oral laser\",\"url\":\"https:\\\/\\\/oralaser.com.co\\\/\",\"logo\":{\"@type\":\"ImageObject\",\"inLanguage\":\"en-US\",\"@id\":\"https:\\\/\\\/oralaser.com.co\\\/#\\\/schema\\\/logo\\\/image\\\/\",\"url\":\"https:\\\/\\\/oralaser.com.co\\\/wp-content\\\/uploads\\\/2024\\\/07\\\/ORAL-LASER-1.png\",\"contentUrl\":\"https:\\\/\\\/oralaser.com.co\\\/wp-content\\\/uploads\\\/2024\\\/07\\\/ORAL-LASER-1.png\",\"width\":518,\"height\":538,\"caption\":\"Oral laser\"},\"image\":{\"@id\":\"https:\\\/\\\/oralaser.com.co\\\/#\\\/schema\\\/logo\\\/image\\\/\"}}]}<\/script>\n<!-- \/ Yoast SEO plugin. -->","yoast_head_json":{"title":"Urgencias 24H - Oral laser","description":"En Oral L\u00e1ser, ofrecemos urgencias odontol\u00f3gicas 24 horas en Medell\u00edn para atender dolor de muelas y otros problemas dentales urgentes.","robots":{"index":"index","follow":"follow","max-snippet":"max-snippet:-1","max-image-preview":"max-image-preview:large","max-video-preview":"max-video-preview:-1"},"canonical":"https:\/\/oralaser.com.co\/en\/urgencias-24h\/","og_locale":"en_US","og_type":"article","og_title":"Urgencias 24H - Oral laser","og_description":"En Oral L\u00e1ser, ofrecemos urgencias odontol\u00f3gicas 24 horas en Medell\u00edn para atender dolor de muelas y otros problemas dentales urgentes.","og_url":"https:\/\/oralaser.com.co\/en\/urgencias-24h\/","og_site_name":"Oral laser","article_modified_time":"2025-02-18T14:58:44+00:00","twitter_card":"summary_large_image","twitter_misc":{"Est. reading time":"1 minute"},"schema":{"@context":"https:\/\/schema.org","@graph":[{"@type":"WebPage","@id":"https:\/\/oralaser.com.co\/urgencias-24h\/","url":"https:\/\/oralaser.com.co\/urgencias-24h\/","name":"Urgencias 24H - Oral laser","isPartOf":{"@id":"https:\/\/oralaser.com.co\/#website"},"datePublished":"2024-07-24T20:19:45+00:00","dateModified":"2025-02-18T14:58:44+00:00","description":"En Oral L\u00e1ser, ofrecemos urgencias odontol\u00f3gicas 24 horas en Medell\u00edn para atender dolor de muelas y otros problemas dentales urgentes.","breadcrumb":{"@id":"https:\/\/oralaser.com.co\/urgencias-24h\/#breadcrumb"},"inLanguage":"en-US","potentialAction":[{"@type":"ReadAction","target":["https:\/\/oralaser.com.co\/urgencias-24h\/"]}]},{"@type":"BreadcrumbList","@id":"https:\/\/oralaser.com.co\/urgencias-24h\/#breadcrumb","itemListElement":[{"@type":"ListItem","position":1,"name":"Inicio","item":"https:\/\/oralaser.com.co\/"},{"@type":"ListItem","position":2,"name":"Urgencias 24H"}]},{"@type":"WebSite","@id":"https:\/\/oralaser.com.co\/#website","url":"https:\/\/oralaser.com.co\/","name":"Oral laser","description":"","publisher":{"@id":"https:\/\/oralaser.com.co\/#organization"},"potentialAction":[{"@type":"SearchAction","target":{"@type":"EntryPoint","urlTemplate":"https:\/\/oralaser.com.co\/?s={search_term_string}"},"query-input":{"@type":"PropertyValueSpecification","valueRequired":true,"valueName":"search_term_string"}}],"inLanguage":"en-US"},{"@type":"Organization","@id":"https:\/\/oralaser.com.co\/#organization","name":"Oral laser","url":"https:\/\/oralaser.com.co\/","logo":{"@type":"ImageObject","inLanguage":"en-US","@id":"https:\/\/oralaser.com.co\/#\/schema\/logo\/image\/","url":"https:\/\/oralaser.com.co\/wp-content\/uploads\/2024\/07\/ORAL-LASER-1.png","contentUrl":"https:\/\/oralaser.com.co\/wp-content\/uploads\/2024\/07\/ORAL-LASER-1.png","width":518,"height":538,"caption":"Oral laser"},"image":{"@id":"https:\/\/oralaser.com.co\/#\/schema\/logo\/image\/"}}]}},"_links":{"self":[{"href":"https:\/\/oralaser.com.co\/en\/wp-json\/wp\/v2\/pages\/28","targetHints":{"allow":["GET"]}}],"collection":[{"href":"https:\/\/oralaser.com.co\/en\/wp-json\/wp\/v2\/pages"}],"about":[{"href":"https:\/\/oralaser.com.co\/en\/wp-json\/wp\/v2\/types\/page"}],"author":[{"embeddable":true,"href":"https:\/\/oralaser.com.co\/en\/wp-json\/wp\/v2\/users\/1"}],"replies":[{"embeddable":true,"href":"https:\/\/oralaser.com.co\/en\/wp-json\/wp\/v2\/comments?post=28"}],"version-history":[{"count":31,"href":"https:\/\/oralaser.com.co\/en\/wp-json\/wp\/v2\/pages\/28\/revisions"}],"predecessor-version":[{"id":1726,"href":"https:\/\/oralaser.com.co\/en\/wp-json\/wp\/v2\/pages\/28\/revisions\/1726"}],"wp:attachment":[{"href":"https:\/\/oralaser.com.co\/en\/wp-json\/wp\/v2\/media?parent=28"}],"curies":[{"name":"wp","href":"https:\/\/api.w.org\/{rel}","templated":true}]}}